{"id":83,"date":"2024-11-12T16:05:46","date_gmt":"2024-11-12T16:05:46","guid":{"rendered":"https:\/\/minex.com.co\/?page_id=83"},"modified":"2025-04-03T12:53:28","modified_gmt":"2025-04-03T12:53:28","slug":"trabaje-con-nosotros","status":"publish","type":"page","link":"https:\/\/minex.com.co\/en\/trabaje-con-nosotros\/","title":{"rendered":"Work with us"},"content":{"rendered":"\n<div style=\"height:37px\" aria-hidden=\"true\" class=\"wp-block-spacer\"><\/div>\n\n\n\n<div class=\"wp-block-group alignfull has-global-padding is-layout-constrained wp-block-group-is-layout-constrained\">\n<div class=\"wp-block-columns is-layout-flex wp-container-core-columns-is-layout-28f84493 wp-block-columns-is-layout-flex\">\n<div class=\"wp-block-column is-layout-flow wp-block-column-is-layout-flow\">\n<div aria-label=\"Carousel Gallery\" class=\"wp-block-coblocks-gallery-carousel alignwide\"><div class=\"coblocks-gallery-carousel-swiper-container is-cropped coblocks-gallery has-caption-style-dark has-horizontal-gutter has-lightbox has-no-thumbnails\"><div class=\"has-carousel has-carousel-lrg swiper-container has-aligned-cells has-responsive-height\" data-swiper=\"{&quot;alignCells&quot;:true,&quot;autoPlay&quot;:true,&quot;autoPlaySpeed&quot;:3000,&quot;draggable&quot;:false,&quot;freeMode&quot;:false,&quot;loop&quot;:false,&quot;navigation&quot;:true,&quot;pageDots&quot;:false,&quot;pauseHover&quot;:true,&quot;responsiveHeight&quot;:true,&quot;slidesPerView&quot;:2,&quot;thumbnails&quot;:false,&quot;uuid&quot;:&quot;12345&quot;}\" style=\"height:400px\"><div class=\"swiper-wrapper\"><div class=\"swiper-slide\"><div class=\"coblocks-gallery--item\" role=\"button\" tabindex=\"0\"><figure class=\"coblocks-gallery--figure has-margin-left-5 has-margin-left-mobile-5 has-margin-right-5 has-margin-right-mobile-5\"><img loading=\"lazy\" decoding=\"async\" width=\"1024\" height=\"1024\" alt=\"\" class=\"wp-image-2382\" data-id=\"2382\" data-link=\"https:\/\/minex.com.co\/trabaje-con-nosotros\/vacante-supervisor-de-seguridad-y-salud-en-el-trabajo-2\/\" src=\"https:\/\/minex.com.co\/wp-content\/uploads\/2025\/04\/VACANTE-SUPERVISOR-DE-SEGURIDAD-Y-SALUD-EN-EL-TRABAJO-1-1024x1024.jpg\" srcset=\"https:\/\/minex.com.co\/wp-content\/uploads\/2025\/04\/VACANTE-SUPERVISOR-DE-SEGURIDAD-Y-SALUD-EN-EL-TRABAJO-1-1024x1024.jpg 1024w, https:\/\/minex.com.co\/wp-content\/uploads\/2025\/04\/VACANTE-SUPERVISOR-DE-SEGURIDAD-Y-SALUD-EN-EL-TRABAJO-1-300x300.jpg 300w, https:\/\/minex.com.co\/wp-content\/uploads\/2025\/04\/VACANTE-SUPERVISOR-DE-SEGURIDAD-Y-SALUD-EN-EL-TRABAJO-1-150x150.jpg 150w, https:\/\/minex.com.co\/wp-content\/uploads\/2025\/04\/VACANTE-SUPERVISOR-DE-SEGURIDAD-Y-SALUD-EN-EL-TRABAJO-1-2000x2000.jpg 2000w, https:\/\/minex.com.co\/wp-content\/uploads\/2025\/04\/VACANTE-SUPERVISOR-DE-SEGURIDAD-Y-SALUD-EN-EL-TRABAJO-1-12x12.jpg 12w\" sizes=\"auto, (max-width: 1024px) 100vw, 1024px\" \/><\/figure><figcaption class=\"coblocks-gallery--caption coblocks-gallery--primary-caption\"><\/figcaption><\/div><\/div><\/div><button class=\"nav-button__prev\" id=\"12345-prev\"><svg class=\"icon\" style=\"transform:rotate(180deg)\"><\/svg><\/button><button class=\"nav-button__next\" id=\"12345-next\"><svg class=\"icon\"><\/svg><\/button><\/div><\/div><\/div>\n<\/div>\n\n\n\n<div class=\"wp-block-column is-vertically-aligned-center is-layout-flow wp-block-column-is-layout-flow\">\n<p>Descubre las oportunidades laborales que Minex tiene para ti. Si tu perfil encaja con los requisitos y alguna de nuestras vacantes capta tu inter\u00e9s, \u00a1no dudes en postularte! Adem\u00e1s, si eres una persona con discapacidad y deseas ser parte de nuestro equipo, inf\u00f3rmanos para poder ofrecerte el apoyo y acompa\u00f1amiento que necesitas durante el proceso. \u00a1Tu talento es bienvenido en Minex!<\/p>\n<\/div>\n<\/div>\n<\/div>\n\n\n<style id=\"wpforms-css-vars-root\">\n\t\t\t\t:root {\n\t\t\t\t\t--wpforms-field-border-radius: 3px;\n--wpforms-field-border-style: solid;\n--wpforms-field-border-size: 1px;\n--wpforms-field-background-color: #ffffff;\n--wpforms-field-border-color: rgba( 0, 0, 0, 0.25 );\n--wpforms-field-border-color-spare: rgba( 0, 0, 0, 0.25 );\n--wpforms-field-text-color: rgba( 0, 0, 0, 0.7 );\n--wpforms-field-menu-color: #ffffff;\n--wpforms-label-color: rgba( 0, 0, 0, 0.85 );\n--wpforms-label-sublabel-color: rgba( 0, 0, 0, 0.55 );\n--wpforms-label-error-color: #d63637;\n--wpforms-button-border-radius: 3px;\n--wpforms-button-border-style: none;\n--wpforms-button-border-size: 1px;\n--wpforms-button-background-color: #066aab;\n--wpforms-button-border-color: #066aab;\n--wpforms-button-text-color: #ffffff;\n--wpforms-page-break-color: #066aab;\n--wpforms-background-image: none;\n--wpforms-background-position: center center;\n--wpforms-background-repeat: no-repeat;\n--wpforms-background-size: cover;\n--wpforms-background-width: 100px;\n--wpforms-background-height: 100px;\n--wpforms-background-color: rgba( 0, 0, 0, 0 );\n--wpforms-background-url: none;\n--wpforms-container-padding: 0px;\n--wpforms-container-border-style: none;\n--wpforms-container-border-width: 1px;\n--wpforms-container-border-color: #000000;\n--wpforms-container-border-radius: 3px;\n--wpforms-field-size-input-height: 43px;\n--wpforms-field-size-input-spacing: 15px;\n--wpforms-field-size-font-size: 16px;\n--wpforms-field-size-line-height: 19px;\n--wpforms-field-size-padding-h: 14px;\n--wpforms-field-size-checkbox-size: 16px;\n--wpforms-field-size-sublabel-spacing: 5px;\n--wpforms-field-size-icon-size: 1;\n--wpforms-label-size-font-size: 16px;\n--wpforms-label-size-line-height: 19px;\n--wpforms-label-size-sublabel-font-size: 14px;\n--wpforms-label-size-sublabel-line-height: 17px;\n--wpforms-button-size-font-size: 17px;\n--wpforms-button-size-height: 41px;\n--wpforms-button-size-padding-h: 15px;\n--wpforms-button-size-margin-top: 10px;\n--wpforms-container-shadow-size-box-shadow: none;\n\n\t\t\t\t}\n\t\t\t<\/style><style id=\"wpforms-css-vars-506-block-514c2df9-c12d-4c73-bd25-e851b23c86df\">\n\t\t\t\t#wpforms-506.wpforms-block-514c2df9-c12d-4c73-bd25-e851b23c86df {\n\t\t\t\t\t--wpforms-label-color: #000000;\n--wpforms-label-sublabel-color: #6A6A6A;\n--wpforms-label-error-color: #D80F0F;\n--wpforms-page-break-color: #3961FF;\n--wpforms-field-border-radius: 6px;\n--wpforms-field-border-color: #D2D2D2;\n--wpforms-field-border-color-spare: #D2D2D2;\n--wpforms-field-text-color: #6A6A6A;\n--wpforms-container-padding: 40px;\n--wpforms-container-border-style: solid;\n--wpforms-container-border-width: 10px;\n--wpforms-container-border-color: #ffffff;\n--wpforms-container-border-radius: 12px;\n--wpforms-button-border-radius: 6px;\n--wpforms-button-background-color: #3961FF;\n--wpforms-button-text-color: #FFFFFF;\n--wpforms-button-border-color: #3961FF;\n--wpforms-background-image: stock;\n--wpforms-background-position: bottom center;\n--wpforms-background-color: #f8f8f8;\n--wpforms-field-size-input-height: 43px;\n--wpforms-field-size-input-spacing: 15px;\n--wpforms-field-size-font-size: 16px;\n--wpforms-field-size-line-height: 19px;\n--wpforms-field-size-padding-h: 14px;\n--wpforms-field-size-checkbox-size: 16px;\n--wpforms-field-size-sublabel-spacing: 5px;\n--wpforms-field-size-icon-size: 1;\n--wpforms-label-size-font-size: 16px;\n--wpforms-label-size-line-height: 19px;\n--wpforms-label-size-sublabel-font-size: 14px;\n--wpforms-label-size-sublabel-line-height: 17px;\n--wpforms-button-size-font-size: 17px;\n--wpforms-button-size-height: 41px;\n--wpforms-button-size-padding-h: 15px;\n--wpforms-button-size-margin-top: 10px;\n--wpforms-container-shadow-size-box-shadow: 0px 30px 50px -10px rgba(0, 0, 0, 0.15);\n\n\t\t\t\t}\n\t\t\t<\/style><div class=\"wpforms-container wpforms-container-full wpforms-block wpforms-block-514c2df9-c12d-4c73-bd25-e851b23c86df wpforms-render-modern\" id=\"wpforms-506\"><form id=\"wpforms-form-506\" class=\"wpforms-validate wpforms-form wpforms-ajax-form\" data-formid=\"506\" method=\"post\" enctype=\"multipart\/form-data\" action=\"\/en\/wp-json\/wp\/v2\/pages\/83?wpforms_form_id=506\" data-token=\"c630c48538609ca5c7d76b68144e71c3\" data-token-time=\"1777050390\"><div class=\"wpforms-head-container\"><div class=\"wpforms-title\">Trabaje con Nosotros<\/div><\/div><noscript class=\"wpforms-error-noscript\">Please enable JavaScript in your browser to complete this form.<\/noscript><div class=\"wpforms-hidden\" id=\"wpforms-error-noscript\">Please enable JavaScript in your browser to complete this form.<\/div><div class=\"wpforms-field-container\"><div id=\"wpforms-506-field_8-container\" class=\"wpforms-field wpforms-field-name\" data-field-id=\"8\"><fieldset><legend class=\"wpforms-field-label\">Nombre(s) y Apellidos <span class=\"wpforms-required-label\" aria-hidden=\"true\">*<\/span><\/legend><div class=\"wpforms-field-row wpforms-field-medium\"><div class=\"wpforms-field-row-block wpforms-first wpforms-one-half\"><input type=\"text\" id=\"wpforms-506-field_8\" class=\"wpforms-field-name-first wpforms-field-required\" name=\"wpforms[fields][8][first]\" aria-errormessage=\"wpforms-506-field_8-error\" required><label for=\"wpforms-506-field_8\" class=\"wpforms-field-sublabel after\">First<\/label><\/div><div class=\"wpforms-field-row-block wpforms-one-half\"><input type=\"text\" id=\"wpforms-506-field_8-last\" class=\"wpforms-field-name-last wpforms-field-required\" name=\"wpforms[fields][8][last]\" aria-errormessage=\"wpforms-506-field_8-last-error\" required><label for=\"wpforms-506-field_8-last\" class=\"wpforms-field-sublabel after\">Last<\/label><\/div><\/div><\/fieldset><\/div><div id=\"wpforms-506-field_20-container\" class=\"wpforms-field wpforms-field-select wpforms-field-select-style-classic\" data-field-id=\"20\"><label class=\"wpforms-field-label\" for=\"wpforms-506-field_20\">Tipo ID <span class=\"wpforms-required-label\" aria-hidden=\"true\">*<\/span><\/label><select id=\"wpforms-506-field_20\" class=\"wpforms-field-medium wpforms-field-required\" name=\"wpforms[fields][20]\" required=\"required\"><option value=\"C\u00e9dula de ciudadan\u00eda\" >C\u00e9dula de ciudadan\u00eda<\/option><option value=\"Tarjeta de identidad\" >Tarjeta de identidad<\/option><option value=\"C\u00e9dula de extranjer\u00eda\" >C\u00e9dula de extranjer\u00eda<\/option><option value=\"Pasaporte\" >Pasaporte<\/option><\/select><\/div><div id=\"wpforms-506-field_21-container\" class=\"wpforms-field wpforms-field-number\" data-field-id=\"21\"><label class=\"wpforms-field-label\" for=\"wpforms-506-field_21\">N\u00famero de documento <span class=\"wpforms-required-label\" aria-hidden=\"true\">*<\/span><\/label><input type=\"number\" id=\"wpforms-506-field_21\" class=\"wpforms-field-medium wpforms-field-required\" name=\"wpforms[fields][21]\" aria-errormessage=\"wpforms-506-field_21-error\" required><\/div><div id=\"wpforms-506-field_7-container\" class=\"wpforms-field wpforms-field-email\" data-field-id=\"7\"><label class=\"wpforms-field-label\" for=\"wpforms-506-field_7\">Email <span class=\"wpforms-required-label\" aria-hidden=\"true\">*<\/span><\/label><input type=\"email\" id=\"wpforms-506-field_7\" class=\"wpforms-field-medium wpforms-field-required\" name=\"wpforms[fields][7]\" spellcheck=\"false\" aria-errormessage=\"wpforms-506-field_7-error\" required><\/div><div id=\"wpforms-506-field_13-container\" class=\"wpforms-field wpforms-field-phone\" data-field-id=\"13\"><label class=\"wpforms-field-label\" for=\"wpforms-506-field_13\">Tel\u00e9fono <span class=\"wpforms-required-label\" aria-hidden=\"true\">*<\/span><\/label><input type=\"tel\" id=\"wpforms-506-field_13\" class=\"wpforms-field-medium wpforms-field-required wpforms-smart-phone-field\" data-rule-smart-phone-field=\"true\" name=\"wpforms[fields][13]\" aria-errormessage=\"wpforms-506-field_13-error\" required><\/div><div id=\"wpforms-506-field_15-container\" class=\"wpforms-field wpforms-field-text\" data-field-id=\"15\"><label class=\"wpforms-field-label\" for=\"wpforms-506-field_15\">Ciudad de Residencia <span class=\"wpforms-required-label\" aria-hidden=\"true\">*<\/span><\/label><input type=\"text\" id=\"wpforms-506-field_15\" class=\"wpforms-field-medium wpforms-field-required\" name=\"wpforms[fields][15]\" aria-errormessage=\"wpforms-506-field_15-error\" required><\/div><div id=\"wpforms-506-field_10-container\" class=\"wpforms-field wpforms-field-radio wpforms-conditional-trigger\" data-field-id=\"10\"><fieldset><legend class=\"wpforms-field-label\">Tipo de Vacante <span class=\"wpforms-required-label\" aria-hidden=\"true\">*<\/span><\/legend><ul id=\"wpforms-506-field_10\" class=\"wpforms-field-required\"><li class=\"choice-1 depth-1\"><input type=\"radio\" id=\"wpforms-506-field_10_1\" name=\"wpforms[fields][10]\" value=\"Administrativa\" aria-errormessage=\"wpforms-506-field_10_1-error\" required ><label class=\"wpforms-field-label-inline\" for=\"wpforms-506-field_10_1\">Administrativa<\/label><\/li><li class=\"choice-2 depth-1 wpforms-selected\"><input type=\"radio\" id=\"wpforms-506-field_10_2\" name=\"wpforms[fields][10]\" value=\"Operativa\" aria-errormessage=\"wpforms-506-field_10_2-error\" required  checked='checked'><label class=\"wpforms-field-label-inline\" for=\"wpforms-506-field_10_2\">Operativa<\/label><\/li><\/ul><\/fieldset><\/div><div id=\"wpforms-506-field_16-container\" class=\"wpforms-field wpforms-field-select wpforms-field-select-style-classic\" data-field-id=\"16\"><label class=\"wpforms-field-label\" for=\"wpforms-506-field_16\">Nivel de Formaci\u00f3n <span class=\"wpforms-required-label\" aria-hidden=\"true\">*<\/span><\/label><select id=\"wpforms-506-field_16\" class=\"wpforms-field-medium wpforms-field-required\" name=\"wpforms[fields][16]\" required=\"required\"><option value=\"B\u00e1sica secundaria\" >B\u00e1sica secundaria<\/option><option value=\"Bachiller\" >Bachiller<\/option><option value=\"T\u00e9cnico\" >T\u00e9cnico<\/option><option value=\"Tecn\u00f3logo\" >Tecn\u00f3logo<\/option><option value=\"Pregrado\" >Pregrado<\/option><option value=\"Posgrado\" >Posgrado<\/option><\/select><\/div><div id=\"wpforms-506-field_9-container\" class=\"wpforms-field wpforms-field-select wpforms-conditional-field wpforms-conditional-show wpforms-field-select-style-classic\" data-field-id=\"9\" style=\"display:none;\"><label class=\"wpforms-field-label\" for=\"wpforms-506-field_9\">Vacantes administrativas <\/label><select id=\"wpforms-506-field_9\" class=\"wpforms-field-medium\" name=\"wpforms[fields][9]\"><option value=\"Cargo Administrativo\" >Cargo Administrativo<\/option><\/select><\/div><div id=\"wpforms-506-field_11-container\" class=\"wpforms-field wpforms-field-select wpforms-conditional-field wpforms-conditional-show wpforms-field-select-style-classic\" data-field-id=\"11\" style=\"display:none;\"><label class=\"wpforms-field-label\" for=\"wpforms-506-field_11\">Vacantes Operativas<\/label><select id=\"wpforms-506-field_11\" class=\"wpforms-field-medium\" name=\"wpforms[fields][11]\"><option value=\"Supervisor de SST\" >Supervisor de SST<\/option><\/select><\/div><div id=\"wpforms-506-field_18-container\" class=\"wpforms-field wpforms-field-radio\" data-field-id=\"18\"><fieldset><legend class=\"wpforms-field-label\">Disponibilidad de Cambio de Residencia <span class=\"wpforms-required-label\" aria-hidden=\"true\">*<\/span><\/legend><ul id=\"wpforms-506-field_18\" class=\"wpforms-field-required\"><li class=\"choice-1 depth-1\"><input type=\"radio\" id=\"wpforms-506-field_18_1\" name=\"wpforms[fields][18]\" value=\"S\u00ed\" aria-errormessage=\"wpforms-506-field_18_1-error\" required ><label class=\"wpforms-field-label-inline\" for=\"wpforms-506-field_18_1\">S\u00ed<\/label><\/li><li class=\"choice-2 depth-1\"><input type=\"radio\" id=\"wpforms-506-field_18_2\" name=\"wpforms[fields][18]\" value=\"No\" aria-errormessage=\"wpforms-506-field_18_2-error\" required ><label class=\"wpforms-field-label-inline\" for=\"wpforms-506-field_18_2\">No<\/label><\/li><\/ul><\/fieldset><\/div><div id=\"wpforms-506-field_19-container\" class=\"wpforms-field wpforms-field-select wpforms-field-select-style-classic\" data-field-id=\"19\"><label class=\"wpforms-field-label\" for=\"wpforms-506-field_19\">Medio de Transporte <span class=\"wpforms-required-label\" aria-hidden=\"true\">*<\/span><\/label><select id=\"wpforms-506-field_19\" class=\"wpforms-field-medium wpforms-field-required\" name=\"wpforms[fields][19]\" required=\"required\"><option value=\"Transporte P\u00fablico\" >Transporte P\u00fablico<\/option><option value=\"Moto\" >Moto<\/option><option value=\"Carro\" >Carro<\/option><option value=\"N\/A\" >N\/A<\/option><\/select><\/div><div id=\"wpforms-506-field_22-container\" class=\"wpforms-field wpforms-field-radio\" data-field-id=\"22\"><fieldset><legend class=\"wpforms-field-label\">\u00bfSe Encuentra Trabajando Actualmente? <span class=\"wpforms-required-label\" aria-hidden=\"true\">*<\/span><\/legend><ul id=\"wpforms-506-field_22\" class=\"wpforms-field-required\"><li class=\"choice-1 depth-1\"><input type=\"radio\" id=\"wpforms-506-field_22_1\" name=\"wpforms[fields][22]\" value=\"S\u00ed\" aria-errormessage=\"wpforms-506-field_22_1-error\" required ><label class=\"wpforms-field-label-inline\" for=\"wpforms-506-field_22_1\">S\u00ed<\/label><\/li><li class=\"choice-2 depth-1\"><input type=\"radio\" id=\"wpforms-506-field_22_2\" name=\"wpforms[fields][22]\" value=\"No\" aria-errormessage=\"wpforms-506-field_22_2-error\" required ><label class=\"wpforms-field-label-inline\" for=\"wpforms-506-field_22_2\">No<\/label><\/li><\/ul><\/fieldset><\/div><div id=\"wpforms-506-field_23-container\" class=\"wpforms-field wpforms-field-radio\" data-field-id=\"23\"><fieldset><legend class=\"wpforms-field-label\">\u00bfHa trabajado anteriormente en MINEX? <span class=\"wpforms-required-label\" aria-hidden=\"true\">*<\/span><\/legend><ul id=\"wpforms-506-field_23\" class=\"wpforms-field-required\"><li class=\"choice-1 depth-1\"><input type=\"radio\" id=\"wpforms-506-field_23_1\" name=\"wpforms[fields][23]\" value=\"S\u00ed\" aria-errormessage=\"wpforms-506-field_23_1-error\" required ><label class=\"wpforms-field-label-inline\" for=\"wpforms-506-field_23_1\">S\u00ed<\/label><\/li><li class=\"choice-2 depth-1\"><input type=\"radio\" id=\"wpforms-506-field_23_2\" name=\"wpforms[fields][23]\" value=\"No\" aria-errormessage=\"wpforms-506-field_23_2-error\" required ><label class=\"wpforms-field-label-inline\" for=\"wpforms-506-field_23_2\">No<\/label><\/li><\/ul><\/fieldset><\/div><div id=\"wpforms-506-field_24-container\" class=\"wpforms-field wpforms-field-file-upload\" data-field-id=\"24\"><label class=\"wpforms-field-label\" for=\"wpforms-506-field_24\">Hoja de vida<\/label><div\n\t\tclass=\"wpforms-uploader\"\n\t\tdata-field-id=\"24\"\n\t\tdata-form-id=\"506\"\n\t\tdata-input-name=\"wpforms_506_24\"\n\t\tdata-extensions=\"jpg,jpeg,jpe,gif,png,bmp,tiff,tif,webp,avif,ico,heic,heif,heics,heifs,asf,asx,wmv,wmx,wm,avi,divx,mov,qt,mpeg,mpg,mpe,mp4,m4v,ogv,webm,mkv,3gp,3gpp,3g2,3gp2,txt,asc,c,cc,h,srt,csv,tsv,ics,rtx,css,vtt,mp3,m4a,m4b,aac,ra,ram,wav,x-wav,ogg,oga,flac,mid,midi,wma,wax,mka,rtf,pdf,class,tar,zip,gz,gzip,rar,7z,psd,xcf,doc,pot,pps,ppt,wri,xla,xls,xlt,xlw,mpp,docx,docm,dotx,dotm,xlsx,xlsm,xlsb,xltx,xltm,xlam,pptx,pptm,ppsx,ppsm,potx,potm,ppam,sldx,sldm,onetoc,onetoc2,onepkg,oxps,xps,odt,odp,ods,odg,odc,odb,odf,wp,wpd,key,numbers,pages,svg\"\n\t\tdata-max-size=\"1073741824\"\n\t\tdata-max-file-number=\"1\"\n\t\tdata-post-max-size=\"1073741824\"\n\t\tdata-max-parallel-uploads=\"4\"\n\t\tdata-parallel-uploads=\"true\"\n\t\tdata-file-chunk-size=\"2097152\">\n\t<div class=\"dz-message\">\n\t\t<svg viewBox=\"0 0 1024 1024\" focusable=\"false\" data-icon=\"inbox\" width=\"50px\" height=\"50px\" fill=\"currentColor\" aria-hidden=\"true\">\n\t\t\t<path d=\"M885.2 446.3l-.2-.8-112.2-285.1c-5-16.1-19.9-27.2-36.8-27.2H281.2c-17 0-32.1 11.3-36.9 27.6L139.4 443l-.3.7-.2.8c-1.3 4.9-1.7 9.9-1 14.8-.1 1.6-.2 3.2-.2 4.8V830a60.9 60.9 0 0 0 60.8 60.8h627.2c33.5 0 60.8-27.3 60.9-60.8V464.1c0-1.3 0-2.6-.1-3.7.4-4.9 0-9.6-1.3-14.1zm-295.8-43l-.3 15.7c-.8 44.9-31.8 75.1-77.1 75.1-22.1 0-41.1-7.1-54.8-20.6S436 441.2 435.6 419l-.3-15.7H229.5L309 210h399.2l81.7 193.3H589.4zm-375 76.8h157.3c24.3 57.1 76 90.8 140.4 90.8 33.7 0 65-9.4 90.3-27.2 22.2-15.6 39.5-37.4 50.7-63.6h156.5V814H214.4V480.1z\"><\/path>\n\t\t<\/svg>\n\t\t<span class=\"modern-title\">Click or drag a file to this area to upload.<\/span>\n\n\t\t\t<\/div>\n<\/div>\n<input\n\t\ttype=\"text\"\n\t\tautocomplete=\"off\"\n\t\treadonly\n\t\tclass=\"dropzone-input\"\n\t\tstyle=\"position:absolute!important;clip:rect(0,0,0,0)!important;height:1px!important;width:1px!important;border:0!important;overflow:hidden!important;padding:0!important;margin:0!important;\"\n\t\tid=\"wpforms-506-field_24\"\n\t\tname=\"wpforms_506_24\" \t\tvalue=\"\">\n<\/div><div id=\"wpforms-506-field_35-container\" class=\"wpforms-field wpforms-field-checkbox\" data-field-id=\"35\"><fieldset><legend class=\"wpforms-field-label wpforms-label-hide\" aria-hidden=\"false\">Casillas de verificaci\u00f3n <span class=\"wpforms-required-label\" aria-hidden=\"true\">*<\/span><\/legend><ul id=\"wpforms-506-field_35\" class=\"wpforms-field-required\"><li class=\"choice-1 depth-1\"><input type=\"checkbox\" id=\"wpforms-506-field_35_1\" name=\"wpforms[fields][35][]\" value=\"Al enviar aceptas la &lt;a target=&quot;_blank&quot; data-id=&quot;\/wp-content\/uploads\/2024\/11\/TRATAMIENTO-DE-DATOS.pdf?time=1732035518&quot; data-type=&quot;link&quot; href=&quot;\/wp-content\/uploads\/2024\/11\/TRATAMIENTO-DE-DATOS.pdf?time=1732035518&quot;&gt;Pol\u00edtica de manejo de datos&lt;\/a&gt;\" aria-errormessage=\"wpforms-506-field_35_1-error\" required ><label class=\"wpforms-field-label-inline\" for=\"wpforms-506-field_35_1\">Al enviar aceptas la <a target=\"_blank\" data-id=\"\/wp-content\/uploads\/2024\/11\/TRATAMIENTO-DE-DATOS.pdf?time=1732035518\" data-type=\"link\" href=\"\/wp-content\/uploads\/2024\/11\/TRATAMIENTO-DE-DATOS.pdf?time=1732035518\">Pol\u00edtica de manejo de datos<\/a><\/label><\/li><\/ul><\/fieldset><\/div><\/div><!-- .wpforms-field-container --><div class=\"wpforms-submit-container\" ><input type=\"hidden\" name=\"wpforms[id]\" value=\"506\"><input type=\"hidden\" name=\"page_title\" value=\"\"><input type=\"hidden\" name=\"page_url\" value=\"https:\/\/minex.com.co\/en\/wp-json\/wp\/v2\/pages\/83\"><button type=\"submit\" name=\"wpforms[submit]\" id=\"wpforms-submit-506\" class=\"wpforms-submit\" data-alt-text=\"Enviando...\" data-submit-text=\"Postularme\" aria-live=\"assertive\" value=\"wpforms-submit\">Postularme<\/button><img loading=\"lazy\" decoding=\"async\" src=\"https:\/\/minex.com.co\/wp-content\/plugins\/wpforms\/assets\/images\/submit-spin.svg\" class=\"wpforms-submit-spinner\" style=\"display: none;\" width=\"26\" height=\"26\" alt=\"Loading\"><\/div><\/form><\/div>  <!-- .wpforms-container -->","protected":false},"excerpt":{"rendered":"<p>Descubre las oportunidades laborales que Minex tiene para ti. Si tu perfil encaja con los requisitos y alguna de nuestras vacantes capta tu inter\u00e9s, \u00a1no dudes en postularte! Adem\u00e1s, si eres una persona con discapacidad y deseas ser parte de nuestro equipo, inf\u00f3rmanos para poder ofrecerte el apoyo y acompa\u00f1amiento que necesitas durante el proceso. &hellip; <\/p>\n<p class=\"link-more\"><a href=\"https:\/\/minex.com.co\/en\/trabaje-con-nosotros\/\" class=\"more-link\">Read more<span class=\"screen-reader-text\"> \u00abTrabaje con Nosotros\u00bb<\/span><\/a><\/p>","protected":false},"author":2,"featured_media":1772,"parent":0,"menu_order":0,"comment_status":"closed","ping_status":"closed","template":"","meta":{"_coblocks_attr":"","_coblocks_dimensions":"","_coblocks_responsive_height":"","_coblocks_accordion_ie_support":"","_monsterinsights_skip_tracking":false,"_monsterinsights_sitenote_active":false,"_monsterinsights_sitenote_note":"","_monsterinsights_sitenote_category":0,"inspiro_hide_title":false,"footnotes":""},"class_list":["post-83","page","type-page","status-publish","has-post-thumbnail","hentry"],"featured_media_urls":{"thumbnail":["https:\/\/minex.com.co\/wp-content\/uploads\/2025\/02\/2-150x150.webp",150,150,true],"medium":["https:\/\/minex.com.co\/wp-content\/uploads\/2025\/02\/2-300x103.webp",300,103,true],"medium_large":["https:\/\/minex.com.co\/wp-content\/uploads\/2025\/02\/2.webp",768,263,false],"large":["https:\/\/minex.com.co\/wp-content\/uploads\/2025\/02\/2-1024x350.webp",950,325,true],"1536x1536":["https:\/\/minex.com.co\/wp-content\/uploads\/2025\/02\/2-1536x525.webp",1536,525,true],"2048x2048":["https:\/\/minex.com.co\/wp-content\/uploads\/2025\/02\/2.webp",1900,650,false],"trp-custom-language-flag":["https:\/\/minex.com.co\/wp-content\/uploads\/2025\/02\/2-18x6.webp",18,6,true],"inspiro-featured-image":["https:\/\/minex.com.co\/wp-content\/uploads\/2025\/02\/2.webp",1900,650,false],"inspiro-loop":["https:\/\/minex.com.co\/wp-content\/uploads\/2025\/02\/2-950x320.webp",950,320,true],"inspiro-loop@2x":["https:\/\/minex.com.co\/wp-content\/uploads\/2025\/02\/2-1900x640.webp",1900,640,true],"portfolio_item-thumbnail":["https:\/\/minex.com.co\/wp-content\/uploads\/2025\/02\/2-600x400.webp",600,400,true],"portfolio_item-thumbnail@2x":["https:\/\/minex.com.co\/wp-content\/uploads\/2025\/02\/2-1200x650.webp",1200,650,true],"portfolio_item-masonry":["https:\/\/minex.com.co\/wp-content\/uploads\/2025\/02\/2-600x205.webp",600,205,true],"portfolio_item-masonry@2x":["https:\/\/minex.com.co\/wp-content\/uploads\/2025\/02\/2-1200x411.webp",1200,411,true],"portfolio_item-thumbnail_cinema":["https:\/\/minex.com.co\/wp-content\/uploads\/2025\/02\/2-800x335.webp",800,335,true],"portfolio_item-thumbnail_portrait":["https:\/\/minex.com.co\/wp-content\/uploads\/2025\/02\/2-600x650.webp",600,650,true],"portfolio_item-thumbnail_portrait@2x":["https:\/\/minex.com.co\/wp-content\/uploads\/2025\/02\/2-1200x650.webp",1200,650,true],"portfolio_item-thumbnail_square":["https:\/\/minex.com.co\/wp-content\/uploads\/2025\/02\/2-800x650.webp",800,650,true]},"_links":{"self":[{"href":"https:\/\/minex.com.co\/en\/wp-json\/wp\/v2\/pages\/83","targetHints":{"allow":["GET"]}}],"collection":[{"href":"https:\/\/minex.com.co\/en\/wp-json\/wp\/v2\/pages"}],"about":[{"href":"https:\/\/minex.com.co\/en\/wp-json\/wp\/v2\/types\/page"}],"author":[{"embeddable":true,"href":"https:\/\/minex.com.co\/en\/wp-json\/wp\/v2\/users\/2"}],"replies":[{"embeddable":true,"href":"https:\/\/minex.com.co\/en\/wp-json\/wp\/v2\/comments?post=83"}],"version-history":[{"count":30,"href":"https:\/\/minex.com.co\/en\/wp-json\/wp\/v2\/pages\/83\/revisions"}],"predecessor-version":[{"id":2384,"href":"https:\/\/minex.com.co\/en\/wp-json\/wp\/v2\/pages\/83\/revisions\/2384"}],"wp:featuredmedia":[{"embeddable":true,"href":"https:\/\/minex.com.co\/en\/wp-json\/wp\/v2\/media\/1772"}],"wp:attachment":[{"href":"https:\/\/minex.com.co\/en\/wp-json\/wp\/v2\/media?parent=83"}],"curies":[{"name":"wp","href":"https:\/\/api.w.org\/{rel}","templated":true}]}}