{"id":1239,"date":"2025-01-17T15:24:49","date_gmt":"2025-01-17T15:24:49","guid":{"rendered":"https:\/\/minex.com.co\/?page_id=1239"},"modified":"2025-12-02T17:03:01","modified_gmt":"2025-12-02T17:03:01","slug":"noticias-y-actualidad","status":"publish","type":"page","link":"https:\/\/minex.com.co\/es\/noticias-y-actualidad\/","title":{"rendered":"Noticias y actualidad"},"content":{"rendered":"\n<div style=\"height:59px\" aria-hidden=\"true\" class=\"wp-block-spacer\"><\/div>\n\n\n\n<div style=\"height:var(--wp--preset--spacing--small)\" aria-hidden=\"true\" class=\"wp-block-spacer\"><\/div>\n\n\n\n<div class=\"wp-block-group alignwide has-global-padding is-layout-constrained wp-block-group-is-layout-constrained\">\n<div class=\"wp-block-columns is-layout-flex wp-container-core-columns-is-layout-28f84493 wp-block-columns-is-layout-flex\">\n<div class=\"wp-block-column is-layout-flow wp-block-column-is-layout-flow\">\n<figure class=\"wp-block-image size-full has-custom-border\"><img loading=\"lazy\" decoding=\"async\" width=\"800\" height=\"567\" src=\"https:\/\/minex.com.co\/wp-content\/uploads\/2025\/12\/Noti-Minex.jpg\" alt=\"\" class=\"wp-image-2510\" style=\"border-radius:40px\" srcset=\"https:\/\/minex.com.co\/wp-content\/uploads\/2025\/12\/Noti-Minex.jpg 800w, https:\/\/minex.com.co\/wp-content\/uploads\/2025\/12\/Noti-Minex-300x213.jpg 300w\" sizes=\"auto, (max-width: 800px) 100vw, 800px\" \/><\/figure>\n\n\n\n<div style=\"height:20px\" aria-hidden=\"true\" class=\"wp-block-spacer\"><\/div>\n\n\n\n<h4 class=\"wp-block-heading has-text-align-left has-text-color has-link-color wp-elements-26fd8c375b17d82732d54e9ac90f7f83\" style=\"color:#0053a1\">Cumplimos un sue\u00f1o: La primera promoci\u00f3n de Minex Educa&nbsp;<\/h4>\n\n\n\n<p class=\"has-text-align-left\">Despu\u00e9s de un a\u00f1o acad\u00e9mico, 7 de nuestros estudiantes mineros se graduaron&#8230;<\/p>\n\n\n\n<div class=\"wp-block-buttons is-layout-flex wp-block-buttons-is-layout-flex\">\n<div class=\"wp-block-button is-style-circular\"><a class=\"wp-block-button__link has-background wp-element-button\" href=\"https:\/\/www.linkedin.com\/feed\/update\/urn:li:activity:7401242973067227137\" style=\"border-radius:20px;background-color:#0053a163\" target=\"_blank\" rel=\"noreferrer noopener\">Leer en LinkedIn<\/a><\/div>\n<\/div>\n\n\n\n<div style=\"height:20px\" aria-hidden=\"true\" class=\"wp-block-spacer\"><\/div>\n<\/div>\n\n\n\n<div class=\"wp-block-column is-layout-flow wp-block-column-is-layout-flow\">\n<figure class=\"wp-block-image size-full has-custom-border\"><img loading=\"lazy\" decoding=\"async\" width=\"1612\" height=\"1142\" src=\"https:\/\/minex.com.co\/wp-content\/uploads\/2025\/10\/Fenalcarbon.jpg\" alt=\"\" class=\"wp-image-2504\" style=\"border-radius:40px\" srcset=\"https:\/\/minex.com.co\/wp-content\/uploads\/2025\/10\/Fenalcarbon.jpg 1612w, https:\/\/minex.com.co\/wp-content\/uploads\/2025\/10\/Fenalcarbon-300x213.jpg 300w, https:\/\/minex.com.co\/wp-content\/uploads\/2025\/10\/Fenalcarbon-1024x725.jpg 1024w\" sizes=\"auto, (max-width: 1612px) 100vw, 1612px\" \/><\/figure>\n\n\n\n<div style=\"height:20px\" aria-hidden=\"true\" class=\"wp-block-spacer\"><\/div>\n\n\n\n<h4 class=\"wp-block-heading has-text-color has-link-color wp-elements-1d0b4d1137ed421537cfd82b720ffb62\" style=\"color:#0053a1\">Empresa cucute\u00f1a gana premio nacional por proyectos sostenibles<\/h4>\n\n\n\n<p>Con mucho orgullo les anunciamos el lanzamie&#8230;<\/p>\n\n\n\n<div class=\"wp-block-buttons is-layout-flex wp-block-buttons-is-layout-flex\">\n<div class=\"wp-block-button is-style-circular\"><a class=\"wp-block-button__link has-background wp-element-button\" href=\"https:\/\/www.laopinion.co\/empresas\/empresa-cucutena-gana-premio-nacional-por-proyectos-sostenibles\" style=\"border-radius:20px;background-color:#0053a163\">Leer en La Opini\u00f3n<\/a><\/div>\n<\/div>\n\n\n\n<div style=\"height:20px\" aria-hidden=\"true\" class=\"wp-block-spacer\"><\/div>\n<\/div>\n\n\n\n<div class=\"wp-block-column is-layout-flow wp-block-column-is-layout-flow\">\n<figure class=\"wp-block-image size-full has-custom-border\"><img loading=\"lazy\" decoding=\"async\" width=\"800\" height=\"568\" src=\"https:\/\/minex.com.co\/wp-content\/uploads\/2025\/10\/Img-01.jpg\" alt=\"\" class=\"wp-image-2495\" style=\"border-radius:40px\" srcset=\"https:\/\/minex.com.co\/wp-content\/uploads\/2025\/10\/Img-01.jpg 800w, https:\/\/minex.com.co\/wp-content\/uploads\/2025\/10\/Img-01-300x213.jpg 300w\" sizes=\"auto, (max-width: 800px) 100vw, 800px\" \/><\/figure>\n\n\n\n<div style=\"height:20px\" aria-hidden=\"true\" class=\"wp-block-spacer\"><\/div>\n\n\n\n<h4 class=\"wp-block-heading has-text-color has-link-color wp-elements-a113b507b83f5c93a4a1e3773420fc63\" style=\"color:#0053a1\">Conexi\u00f3n Ra\u00edz: Un gran cambio nace desde la comunidad<\/h4>\n\n\n\n<p>En Minex estamos convencidos de algo &#8230;<\/p>\n\n\n\n<div class=\"wp-block-buttons is-layout-flex wp-block-buttons-is-layout-flex\">\n<div class=\"wp-block-button is-style-circular\"><a class=\"wp-block-button__link has-background wp-element-button\" href=\"https:\/\/minex.com.co\/conexion-raiz-un-gran-cambio-nace-desde-la-comunidad\/\" style=\"background-color:#0053a163\" target=\"_blank\" rel=\"noreferrer noopener\">Ver m\u00e1s<\/a><\/div>\n<\/div>\n\n\n\n<div style=\"height:20px\" aria-hidden=\"true\" class=\"wp-block-spacer\"><\/div>\n<\/div>\n<\/div>\n<\/div>\n\n\n\n<div class=\"wp-block-group alignwide has-global-padding is-layout-constrained wp-block-group-is-layout-constrained\">\n<div class=\"wp-block-columns is-layout-flex wp-container-core-columns-is-layout-28f84493 wp-block-columns-is-layout-flex\">\n<div class=\"wp-block-column is-layout-flow wp-block-column-is-layout-flow\">\n<figure class=\"wp-block-image size-full has-custom-border\"><img loading=\"lazy\" decoding=\"async\" width=\"1200\" height=\"850\" src=\"https:\/\/minex.com.co\/wp-content\/uploads\/2025\/03\/FOTOGRAFIA.jpg\" alt=\"\" class=\"wp-image-2357\" style=\"border-radius:40px\" srcset=\"https:\/\/minex.com.co\/wp-content\/uploads\/2025\/03\/FOTOGRAFIA.jpg 1200w, https:\/\/minex.com.co\/wp-content\/uploads\/2025\/03\/FOTOGRAFIA-300x213.jpg 300w, https:\/\/minex.com.co\/wp-content\/uploads\/2025\/03\/FOTOGRAFIA-1024x725.jpg 1024w\" sizes=\"auto, (max-width: 1200px) 100vw, 1200px\" \/><\/figure>\n\n\n\n<div style=\"height:20px\" aria-hidden=\"true\" class=\"wp-block-spacer\"><\/div>\n\n\n\n<h4 class=\"wp-block-heading has-text-color has-link-color wp-elements-cffc6391b2f313422d2a3fc218b606ad\" style=\"color:#0053a1\">Minex Educa ya es una realidad&nbsp;<\/h4>\n\n\n\n<p style=\"font-size:17px\">Con mucho orgullo les anunciamos el lanzamie&#8230;<\/p>\n\n\n\n<div class=\"wp-block-buttons is-layout-flex wp-block-buttons-is-layout-flex\">\n<div class=\"wp-block-button is-style-circular\"><a class=\"wp-block-button__link has-background wp-element-button\" href=\"https:\/\/www.linkedin.com\/feed\/update\/urn:li:activity:7310708328328810499\" style=\"border-radius:20px;background-color:#0053a163\" target=\"_blank\" rel=\"noreferrer noopener\">Leer en LinkedIn<\/a><\/div>\n<\/div>\n\n\n\n<div style=\"height:20px\" aria-hidden=\"true\" class=\"wp-block-spacer\"><\/div>\n<\/div>\n\n\n\n<div class=\"wp-block-column is-layout-flow wp-block-column-is-layout-flow\">\n<figure class=\"wp-block-image size-large has-custom-border\"><img loading=\"lazy\" decoding=\"async\" width=\"1024\" height=\"725\" src=\"https:\/\/minex.com.co\/wp-content\/uploads\/2025\/02\/Noticias-1024x725.png\" alt=\"\" class=\"wp-image-2205\" style=\"border-radius:40px\" srcset=\"https:\/\/minex.com.co\/wp-content\/uploads\/2025\/02\/Noticias-1024x725.png 1024w, https:\/\/minex.com.co\/wp-content\/uploads\/2025\/02\/Noticias-300x213.png 300w, https:\/\/minex.com.co\/wp-content\/uploads\/2025\/02\/Noticias-18x12.png 18w, https:\/\/minex.com.co\/wp-content\/uploads\/2025\/02\/Noticias.png 1200w\" sizes=\"auto, (max-width: 1024px) 100vw, 1024px\" \/><\/figure>\n\n\n\n<div style=\"height:20px\" aria-hidden=\"true\" class=\"wp-block-spacer\"><\/div>\n\n\n\n<h4 class=\"wp-block-heading has-text-color has-link-color wp-elements-67fc0c276d812790cd760c4d4eea40f7\" style=\"color:#0053a1\">Minex les desea Feliz&nbsp;Navidad<\/h4>\n\n\n\n<p>Que en esta Navidad la paz, el amor, la salud y la uni\u00f3n sobr&#8230;<\/p>\n\n\n\n<div class=\"wp-block-buttons is-layout-flex wp-block-buttons-is-layout-flex\">\n<div class=\"wp-block-button is-style-circular\"><a class=\"wp-block-button__link has-background wp-element-button\" href=\"https:\/\/www.linkedin.com\/posts\/minex-compa%C3%B1ia-internacional_que-en-esta-navidad-la-paz-el-amor-la-salud-activity-7277359885028143104-L3cl?utm_source=share&amp;utm_medium=member_ios\" style=\"border-radius:20px;background-color:#0053a163\" target=\"_blank\" rel=\"noreferrer noopener\">Ver en LinkedIn<\/a><\/div>\n<\/div>\n\n\n\n<div style=\"height:20px\" aria-hidden=\"true\" class=\"wp-block-spacer\"><\/div>\n<\/div>\n\n\n\n<div class=\"wp-block-column is-layout-flow wp-block-column-is-layout-flow\">\n<figure class=\"wp-block-image size-large has-custom-border\"><img loading=\"lazy\" decoding=\"async\" width=\"1024\" height=\"725\" src=\"https:\/\/minex.com.co\/wp-content\/uploads\/2025\/02\/2-1-1024x725.png\" alt=\"\" class=\"wp-image-2206\" style=\"border-radius:40px\" srcset=\"https:\/\/minex.com.co\/wp-content\/uploads\/2025\/02\/2-1-1024x725.png 1024w, https:\/\/minex.com.co\/wp-content\/uploads\/2025\/02\/2-1-300x213.png 300w, https:\/\/minex.com.co\/wp-content\/uploads\/2025\/02\/2-1-18x12.png 18w, https:\/\/minex.com.co\/wp-content\/uploads\/2025\/02\/2-1.png 1200w\" sizes=\"auto, (max-width: 1024px) 100vw, 1024px\" \/><\/figure>\n\n\n\n<div style=\"height:20px\" aria-hidden=\"true\" class=\"wp-block-spacer\"><\/div>\n\n\n\n<h4 class=\"wp-block-heading has-text-color has-link-color wp-elements-96feca263334b27e359b594379ecec1d\" style=\"color:#0053a1\">Regalos por sonrisas<\/h4>\n\n\n\n<p>En Minex reconocemos el valor que tienen los detalles. Sabem&#8230;<\/p>\n\n\n\n<div class=\"wp-block-buttons is-layout-flex wp-block-buttons-is-layout-flex\">\n<div class=\"wp-block-button is-style-circular\"><a class=\"wp-block-button__link has-background wp-element-button\" href=\"https:\/\/www.linkedin.com\/posts\/minex-compa%C3%B1ia-internacional_en-minex-reconocemos-el-valor-que-tienen-activity-7280940102355181570-p1Ba\/\" style=\"background-color:#0053a163\" target=\"_blank\" rel=\"noreferrer noopener\">Ver en LinkedIn<\/a><\/div>\n<\/div>\n\n\n\n<div style=\"height:20px\" aria-hidden=\"true\" class=\"wp-block-spacer\"><\/div>\n<\/div>\n<\/div>\n<\/div>\n\n\n\n<p class=\"has-text-align-right\"><a href=\"https:\/\/minex.com.co\/noticias-y-actualidad-2\/\" data-type=\"page\" data-id=\"2349\">Siguiente<\/a><\/p>\n\n\n\n<p><\/p>\n","protected":false},"excerpt":{"rendered":"<p>Cumplimos un sue\u00f1o: La primera promoci\u00f3n de Minex Educa&nbsp; Despu\u00e9s de un a\u00f1o acad\u00e9mico, 7 de nuestros estudiantes mineros se graduaron&#8230; Empresa cucute\u00f1a gana premio nacional por proyectos sostenibles Con mucho orgullo les anunciamos el lanzamie&#8230; Conexi\u00f3n Ra\u00edz: Un gran cambio nace desde la comunidad En Minex estamos convencidos de algo &#8230; Minex Educa ya &hellip; <\/p>\n<p class=\"link-more\"><a href=\"https:\/\/minex.com.co\/es\/noticias-y-actualidad\/\" class=\"more-link\">Leer m\u00e1s<span class=\"screen-reader-text\"> \u00abNoticias y actualidad\u00bb<\/span><\/a><\/p>\n","protected":false},"author":2,"featured_media":1733,"parent":0,"menu_order":0,"comment_status":"closed","ping_status":"closed","template":"","meta":{"_coblocks_attr":"","_coblocks_dimensions":"","_coblocks_responsive_height":"","_coblocks_accordion_ie_support":"","_monsterinsights_skip_tracking":false,"_monsterinsights_sitenote_active":false,"_monsterinsights_sitenote_note":"","_monsterinsights_sitenote_category":0,"inspiro_hide_title":false,"footnotes":""},"class_list":["post-1239","page","type-page","status-publish","has-post-thumbnail","hentry"],"featured_media_urls":{"thumbnail":["https:\/\/minex.com.co\/wp-content\/uploads\/2025\/02\/portada_noticias_minex-150x150.jpg",150,150,true],"medium":["https:\/\/minex.com.co\/wp-content\/uploads\/2025\/02\/portada_noticias_minex-300x200.jpg",300,200,true],"medium_large":["https:\/\/minex.com.co\/wp-content\/uploads\/2025\/02\/portada_noticias_minex-scaled.jpg",768,512,false],"large":["https:\/\/minex.com.co\/wp-content\/uploads\/2025\/02\/portada_noticias_minex-1024x683.jpg",950,634,true],"1536x1536":["https:\/\/minex.com.co\/wp-content\/uploads\/2025\/02\/portada_noticias_minex-scaled-1536x1024.jpg",1536,1024,true],"2048x2048":["https:\/\/minex.com.co\/wp-content\/uploads\/2025\/02\/portada_noticias_minex-scaled-2048x1366.jpg",2048,1366,true],"trp-custom-language-flag":["https:\/\/minex.com.co\/wp-content\/uploads\/2025\/02\/portada_noticias_minex-scaled-18x12.jpg",18,12,true],"inspiro-featured-image":["https:\/\/minex.com.co\/wp-content\/uploads\/2025\/02\/portada_noticias_minex-2000x1333.jpg",2000,1333,true],"inspiro-loop":["https:\/\/minex.com.co\/wp-content\/uploads\/2025\/02\/portada_noticias_minex-950x320.jpg",950,320,true],"inspiro-loop@2x":["https:\/\/minex.com.co\/wp-content\/uploads\/2025\/02\/portada_noticias_minex-1900x640.jpg",1900,640,true],"portfolio_item-thumbnail":["https:\/\/minex.com.co\/wp-content\/uploads\/2025\/02\/portada_noticias_minex-scaled-600x400.jpg",600,400,true],"portfolio_item-thumbnail@2x":["https:\/\/minex.com.co\/wp-content\/uploads\/2025\/02\/portada_noticias_minex-scaled-1200x800.jpg",1200,800,true],"portfolio_item-masonry":["https:\/\/minex.com.co\/wp-content\/uploads\/2025\/02\/portada_noticias_minex-scaled-600x400.jpg",600,400,true],"portfolio_item-masonry@2x":["https:\/\/minex.com.co\/wp-content\/uploads\/2025\/02\/portada_noticias_minex-scaled-1200x800.jpg",1200,800,true],"portfolio_item-thumbnail_cinema":["https:\/\/minex.com.co\/wp-content\/uploads\/2025\/02\/portada_noticias_minex-scaled-800x335.jpg",800,335,true],"portfolio_item-thumbnail_portrait":["https:\/\/minex.com.co\/wp-content\/uploads\/2025\/02\/portada_noticias_minex-scaled-600x900.jpg",600,900,true],"portfolio_item-thumbnail_portrait@2x":["https:\/\/minex.com.co\/wp-content\/uploads\/2025\/02\/portada_noticias_minex-scaled-1200x1707.jpg",1200,1707,true],"portfolio_item-thumbnail_square":["https:\/\/minex.com.co\/wp-content\/uploads\/2025\/02\/portada_noticias_minex-scaled-800x800.jpg",800,800,true]},"_links":{"self":[{"href":"https:\/\/minex.com.co\/es\/wp-json\/wp\/v2\/pages\/1239","targetHints":{"allow":["GET"]}}],"collection":[{"href":"https:\/\/minex.com.co\/es\/wp-json\/wp\/v2\/pages"}],"about":[{"href":"https:\/\/minex.com.co\/es\/wp-json\/wp\/v2\/types\/page"}],"author":[{"embeddable":true,"href":"https:\/\/minex.com.co\/es\/wp-json\/wp\/v2\/users\/2"}],"replies":[{"embeddable":true,"href":"https:\/\/minex.com.co\/es\/wp-json\/wp\/v2\/comments?post=1239"}],"version-history":[{"count":25,"href":"https:\/\/minex.com.co\/es\/wp-json\/wp\/v2\/pages\/1239\/revisions"}],"predecessor-version":[{"id":2519,"href":"https:\/\/minex.com.co\/es\/wp-json\/wp\/v2\/pages\/1239\/revisions\/2519"}],"wp:featuredmedia":[{"embeddable":true,"href":"https:\/\/minex.com.co\/es\/wp-json\/wp\/v2\/media\/1733"}],"wp:attachment":[{"href":"https:\/\/minex.com.co\/es\/wp-json\/wp\/v2\/media?parent=1239"}],"curies":[{"name":"wp","href":"https:\/\/api.w.org\/{rel}","templated":true}]}}