{"id":1785,"date":"2025-02-04T13:46:23","date_gmt":"2025-02-04T13:46:23","guid":{"rendered":"https:\/\/minex.com.co\/?page_id=1785"},"modified":"2025-03-10T20:20:33","modified_gmt":"2025-03-10T20:20:33","slug":"compromiso-social","status":"publish","type":"page","link":"https:\/\/minex.com.co\/es\/compromiso-social\/","title":{"rendered":"Compromiso Social"},"content":{"rendered":"\n<div style=\"height:80px\" aria-hidden=\"true\" class=\"wp-block-spacer\"><\/div>\n\n\n\n<p class=\"primera\">En Minex estamos plenamente comprometidos con el cumplimiento, promoci\u00f3n y gesti\u00f3n responsable de los derechos humanos de nuestros colaboradores, proveedores, contratistas, contrapartes, comunidades pertenecientes al \u00e1rea de influencia y terceros en general impactados por nuestra actividad econ\u00f3mica.&nbsp;<\/p>\n\n\n\n<p>Para la compa\u00f1\u00eda, los derechos humanos y la dignidad son universales e inalienables; por lo tanto, procuramos que nuestras acciones se sometan a principios \u00e9ticos y que m\u00e1s all\u00e1 de cumplir con normativas legales y reglamentarias prioricen la humanidad.&nbsp;&nbsp;<\/p>\n\n\n\n<div style=\"height:23px\" aria-hidden=\"true\" class=\"wp-block-spacer\"><\/div>\n\n\n\n<div style=\"height:14px\" aria-hidden=\"true\" class=\"wp-block-spacer\"><\/div>\n\n\n\n<div style=\"height:42px\" aria-hidden=\"true\" class=\"wp-block-spacer\"><\/div>\n\n\n\n<div class=\"wp-block-group alignfull has-global-padding is-layout-constrained wp-block-group-is-layout-constrained\">\n<div class=\"wp-block-columns is-layout-flex wp-container-core-columns-is-layout-28f84493 wp-block-columns-is-layout-flex\">\n<div class=\"wp-block-column is-layout-flow wp-block-column-is-layout-flow\">\n<div class=\"wp-block-columns is-layout-flex wp-container-core-columns-is-layout-28f84493 wp-block-columns-is-layout-flex\">\n<div class=\"wp-block-column is-layout-flow wp-block-column-is-layout-flow\">\n<h2 class=\"wp-block-heading has-medium-font-size\"><strong><strong>Acciones que transforman vidas<\/strong>&nbsp;<\/strong><\/h2>\n\n\n\n<p>En Minex Compa\u00f1\u00eda Internacional invertimos tiempo y recursos financieros en apoyo a organizaciones ben\u00e9ficas. Una de ellas es la Fundaci\u00f3n Comparte quienes a trav\u00e9s del programa \u2018Qu\u00e9date en la Escuela\u2019 promueven la permanencia escolar de ni\u00f1os, ni\u00f1as y j\u00f3venes. Adicionalmente, participamos de su evento anual llamado Bocuta Golf Day que busca recaudar recursos para patrocinar las distintas actividades en beneficio de esta poblaci\u00f3n.\u00a0<\/p>\n<\/div>\n\n\n\n<div class=\"wp-block-column is-layout-flow wp-block-column-is-layout-flow\">\n<figure class=\"wp-block-image size-large is-resized has-custom-border\" style=\"margin-top:0;margin-right:37px;margin-bottom:0;margin-left:37px\"><img loading=\"lazy\" decoding=\"async\" width=\"1024\" height=\"771\" src=\"https:\/\/minex.com.co\/wp-content\/uploads\/2025\/02\/reemplazar-gold-1024x771.jpg\" alt=\"\" class=\"wp-image-2167\" style=\"border-radius:40px;width:412px;height:auto\" srcset=\"https:\/\/minex.com.co\/wp-content\/uploads\/2025\/02\/reemplazar-gold-1024x771.jpg 1024w, https:\/\/minex.com.co\/wp-content\/uploads\/2025\/02\/reemplazar-gold-300x226.jpg 300w, https:\/\/minex.com.co\/wp-content\/uploads\/2025\/02\/reemplazar-gold-16x12.jpg 16w, https:\/\/minex.com.co\/wp-content\/uploads\/2025\/02\/reemplazar-gold.jpg 1278w\" sizes=\"auto, (max-width: 1024px) 100vw, 1024px\" \/><\/figure>\n<\/div>\n<\/div>\n<\/div>\n<\/div>\n\n\n\n<div style=\"height:27px\" aria-hidden=\"true\" class=\"wp-block-spacer\"><\/div>\n<\/div>\n\n\n\n<div class=\"wp-block-group alignfull has-background has-global-padding is-layout-constrained wp-block-group-is-layout-constrained\" style=\"background-color:#f0f0f0\">\n<div style=\"height:25px\" aria-hidden=\"true\" class=\"wp-block-spacer\"><\/div>\n\n\n\n<div style=\"height:50px\" aria-hidden=\"true\" class=\"wp-block-spacer\"><\/div>\n\n\n\n<div class=\"wp-block-columns is-layout-flex wp-container-core-columns-is-layout-28f84493 wp-block-columns-is-layout-flex\">\n<div class=\"wp-block-column is-layout-flow wp-block-column-is-layout-flow\">\n<div class=\"wp-block-columns is-layout-flex wp-container-core-columns-is-layout-28f84493 wp-block-columns-is-layout-flex\">\n<div class=\"wp-block-column is-layout-flow wp-block-column-is-layout-flow\">\n<h2 class=\"wp-block-heading has-medium-font-size\">Primero nuestra gente<\/h2>\n\n\n\n<p>Cuidar el talento humano de la empresa siempre ha sido una prioridad en Minex. Por ello, desde el \u00c1rea de Seguridad y Salud en el Trabajo llevamos a cabo acciones para mejorar sus condiciones f\u00edsicas y mentales que promuevan un bienestar general. Estas han sido algunas de las iniciativas:&nbsp;&nbsp;<\/p>\n<\/div>\n\n\n\n<div class=\"wp-block-column is-layout-flow wp-block-column-is-layout-flow\">\n<div aria-label=\"Carousel Gallery\" class=\"wp-block-coblocks-gallery-carousel alignwide\"><div class=\"coblocks-gallery-carousel-swiper-container is-cropped coblocks-gallery has-caption-style-dark has-horizontal-gutter has-lightbox has-no-thumbnails\"><div class=\"has-carousel has-carousel-lrg swiper-container has-aligned-cells has-responsive-height\" data-swiper=\"{&quot;alignCells&quot;:true,&quot;autoPlay&quot;:true,&quot;autoPlaySpeed&quot;:3000,&quot;draggable&quot;:false,&quot;freeMode&quot;:false,&quot;loop&quot;:false,&quot;navigation&quot;:true,&quot;pageDots&quot;:false,&quot;pauseHover&quot;:true,&quot;responsiveHeight&quot;:true,&quot;slidesPerView&quot;:2,&quot;thumbnails&quot;:false,&quot;uuid&quot;:&quot;12345&quot;}\" style=\"height:400px\"><div class=\"swiper-wrapper\"><div class=\"swiper-slide\"><div class=\"coblocks-gallery--item\" role=\"button\" tabindex=\"0\"><figure class=\"coblocks-gallery--figure has-margin-left-5 has-margin-left-mobile-5 has-margin-right-5 has-margin-right-mobile-5\"><img loading=\"lazy\" decoding=\"async\" width=\"1024\" height=\"725\" alt=\"\" class=\"wp-image-2052\" data-id=\"2052\" data-link=\"https:\/\/minex.com.co\/compromiso-social\/attachment\/7\/\" src=\"https:\/\/minex.com.co\/wp-content\/uploads\/2025\/02\/7-1024x725.png\" srcset=\"https:\/\/minex.com.co\/wp-content\/uploads\/2025\/02\/7-1024x725.png 1024w, https:\/\/minex.com.co\/wp-content\/uploads\/2025\/02\/7-300x213.png 300w, https:\/\/minex.com.co\/wp-content\/uploads\/2025\/02\/7-18x12.png 18w, https:\/\/minex.com.co\/wp-content\/uploads\/2025\/02\/7.png 1200w\" sizes=\"auto, (max-width: 1024px) 100vw, 1024px\" \/><\/figure><figcaption class=\"coblocks-gallery--caption coblocks-gallery--primary-caption\"><\/figcaption><\/div><\/div><div class=\"swiper-slide\"><div class=\"coblocks-gallery--item\" role=\"button\" tabindex=\"1\"><figure class=\"coblocks-gallery--figure has-margin-left-5 has-margin-left-mobile-5 has-margin-right-5 has-margin-right-mobile-5\"><img loading=\"lazy\" decoding=\"async\" width=\"1024\" height=\"725\" alt=\"\" class=\"wp-image-2053\" data-id=\"2053\" data-link=\"https:\/\/minex.com.co\/compromiso-social\/attachment\/12\/\" src=\"https:\/\/minex.com.co\/wp-content\/uploads\/2025\/02\/12-1024x725.png\" srcset=\"https:\/\/minex.com.co\/wp-content\/uploads\/2025\/02\/12-1024x725.png 1024w, https:\/\/minex.com.co\/wp-content\/uploads\/2025\/02\/12-300x213.png 300w, https:\/\/minex.com.co\/wp-content\/uploads\/2025\/02\/12-18x12.png 18w, https:\/\/minex.com.co\/wp-content\/uploads\/2025\/02\/12.png 1200w\" sizes=\"auto, (max-width: 1024px) 100vw, 1024px\" \/><\/figure><figcaption class=\"coblocks-gallery--caption coblocks-gallery--primary-caption\"><\/figcaption><\/div><\/div><div class=\"swiper-slide\"><div class=\"coblocks-gallery--item\" role=\"button\" tabindex=\"2\"><figure class=\"coblocks-gallery--figure has-margin-left-5 has-margin-left-mobile-5 has-margin-right-5 has-margin-right-mobile-5\"><img loading=\"lazy\" decoding=\"async\" width=\"1024\" height=\"725\" alt=\"\" class=\"wp-image-2050\" data-id=\"2050\" data-link=\"https:\/\/minex.com.co\/compromiso-social\/attachment\/10\/\" src=\"https:\/\/minex.com.co\/wp-content\/uploads\/2025\/02\/10-1024x725.png\" srcset=\"https:\/\/minex.com.co\/wp-content\/uploads\/2025\/02\/10-1024x725.png 1024w, https:\/\/minex.com.co\/wp-content\/uploads\/2025\/02\/10-300x213.png 300w, https:\/\/minex.com.co\/wp-content\/uploads\/2025\/02\/10-18x12.png 18w, https:\/\/minex.com.co\/wp-content\/uploads\/2025\/02\/10.png 1200w\" sizes=\"auto, (max-width: 1024px) 100vw, 1024px\" \/><\/figure><figcaption class=\"coblocks-gallery--caption coblocks-gallery--primary-caption\"><\/figcaption><\/div><\/div><div class=\"swiper-slide\"><div class=\"coblocks-gallery--item\" role=\"button\" tabindex=\"3\"><figure class=\"coblocks-gallery--figure has-margin-left-5 has-margin-left-mobile-5 has-margin-right-5 has-margin-right-mobile-5\"><img loading=\"lazy\" decoding=\"async\" width=\"1024\" height=\"725\" alt=\"\" class=\"wp-image-2049\" data-id=\"2049\" data-link=\"https:\/\/minex.com.co\/compromiso-social\/attachment\/9\/\" src=\"https:\/\/minex.com.co\/wp-content\/uploads\/2025\/02\/9-1024x725.png\" srcset=\"https:\/\/minex.com.co\/wp-content\/uploads\/2025\/02\/9-1024x725.png 1024w, https:\/\/minex.com.co\/wp-content\/uploads\/2025\/02\/9-300x213.png 300w, https:\/\/minex.com.co\/wp-content\/uploads\/2025\/02\/9-18x12.png 18w, https:\/\/minex.com.co\/wp-content\/uploads\/2025\/02\/9-600x425.png 600w, https:\/\/minex.com.co\/wp-content\/uploads\/2025\/02\/9.png 1200w\" sizes=\"auto, (max-width: 1024px) 100vw, 1024px\" \/><\/figure><figcaption class=\"coblocks-gallery--caption coblocks-gallery--primary-caption\"><\/figcaption><\/div><\/div><div class=\"swiper-slide\"><div class=\"coblocks-gallery--item\" role=\"button\" tabindex=\"4\"><figure class=\"coblocks-gallery--figure has-margin-left-5 has-margin-left-mobile-5 has-margin-right-5 has-margin-right-mobile-5\"><img loading=\"lazy\" decoding=\"async\" width=\"1024\" height=\"725\" alt=\"\" class=\"wp-image-2054\" data-id=\"2054\" data-link=\"https:\/\/minex.com.co\/compromiso-social\/11-3\/\" src=\"https:\/\/minex.com.co\/wp-content\/uploads\/2025\/02\/11-1024x725.png\" srcset=\"https:\/\/minex.com.co\/wp-content\/uploads\/2025\/02\/11-1024x725.png 1024w, https:\/\/minex.com.co\/wp-content\/uploads\/2025\/02\/11-300x213.png 300w, https:\/\/minex.com.co\/wp-content\/uploads\/2025\/02\/11-18x12.png 18w, https:\/\/minex.com.co\/wp-content\/uploads\/2025\/02\/11.png 1200w\" sizes=\"auto, (max-width: 1024px) 100vw, 1024px\" \/><\/figure><figcaption class=\"coblocks-gallery--caption coblocks-gallery--primary-caption\"><\/figcaption><\/div><\/div><div class=\"swiper-slide\"><div class=\"coblocks-gallery--item\" role=\"button\" tabindex=\"5\"><figure class=\"coblocks-gallery--figure has-margin-left-5 has-margin-left-mobile-5 has-margin-right-5 has-margin-right-mobile-5\"><img loading=\"lazy\" decoding=\"async\" width=\"1024\" height=\"725\" alt=\"\" class=\"wp-image-2051\" data-id=\"2051\" data-link=\"https:\/\/minex.com.co\/compromiso-social\/attachment\/8\/\" src=\"https:\/\/minex.com.co\/wp-content\/uploads\/2025\/02\/8-1024x725.png\" srcset=\"https:\/\/minex.com.co\/wp-content\/uploads\/2025\/02\/8-1024x725.png 1024w, https:\/\/minex.com.co\/wp-content\/uploads\/2025\/02\/8-300x213.png 300w, https:\/\/minex.com.co\/wp-content\/uploads\/2025\/02\/8-18x12.png 18w, https:\/\/minex.com.co\/wp-content\/uploads\/2025\/02\/8.png 1200w\" sizes=\"auto, (max-width: 1024px) 100vw, 1024px\" \/><\/figure><figcaption class=\"coblocks-gallery--caption coblocks-gallery--primary-caption\"><\/figcaption><\/div><\/div><\/div><button class=\"nav-button__prev\" id=\"12345-prev\"><svg class=\"icon\" style=\"transform:rotate(180deg)\"><\/svg><\/button><button class=\"nav-button__next\" id=\"12345-next\"><svg class=\"icon\"><\/svg><\/button><\/div><\/div><\/div>\n<\/div>\n<\/div>\n<\/div>\n<\/div>\n\n\n\n<div style=\"height:50px\" aria-hidden=\"true\" class=\"wp-block-spacer\"><\/div>\n<\/div>\n","protected":false},"excerpt":{"rendered":"<p>En Minex estamos plenamente comprometidos con el cumplimiento, promoci\u00f3n y gesti\u00f3n responsable de los derechos humanos de nuestros colaboradores, proveedores, contratistas, contrapartes, comunidades pertenecientes al \u00e1rea de influencia y terceros en general impactados por nuestra actividad econ\u00f3mica.&nbsp; Para la compa\u00f1\u00eda, los derechos humanos y la dignidad son universales e inalienables; por lo tanto, procuramos que &hellip; <\/p>\n<p class=\"link-more\"><a href=\"https:\/\/minex.com.co\/es\/compromiso-social\/\" class=\"more-link\">Leer m\u00e1s<span class=\"screen-reader-text\"> \u00abCompromiso Social\u00bb<\/span><\/a><\/p>\n","protected":false},"author":2,"featured_media":2031,"parent":0,"menu_order":0,"comment_status":"closed","ping_status":"closed","template":"","meta":{"_coblocks_attr":"","_coblocks_dimensions":"","_coblocks_responsive_height":"","_coblocks_accordion_ie_support":"","_monsterinsights_skip_tracking":false,"_monsterinsights_sitenote_active":false,"_monsterinsights_sitenote_note":"","_monsterinsights_sitenote_category":0,"inspiro_hide_title":false,"footnotes":""},"class_list":["post-1785","page","type-page","status-publish","has-post-thumbnail","hentry"],"featured_media_urls":{"thumbnail":["https:\/\/minex.com.co\/wp-content\/uploads\/2025\/02\/portada-150x150.png",150,150,true],"medium":["https:\/\/minex.com.co\/wp-content\/uploads\/2025\/02\/portada-300x103.png",300,103,true],"medium_large":["https:\/\/minex.com.co\/wp-content\/uploads\/2025\/02\/portada.png",768,263,false],"large":["https:\/\/minex.com.co\/wp-content\/uploads\/2025\/02\/portada-1024x350.png",950,325,true],"1536x1536":["https:\/\/minex.com.co\/wp-content\/uploads\/2025\/02\/portada-1536x525.png",1536,525,true],"2048x2048":["https:\/\/minex.com.co\/wp-content\/uploads\/2025\/02\/portada.png",1900,650,false],"trp-custom-language-flag":["https:\/\/minex.com.co\/wp-content\/uploads\/2025\/02\/portada-18x6.png",18,6,true],"inspiro-featured-image":["https:\/\/minex.com.co\/wp-content\/uploads\/2025\/02\/portada.png",1900,650,false],"inspiro-loop":["https:\/\/minex.com.co\/wp-content\/uploads\/2025\/02\/portada-950x320.png",950,320,true],"inspiro-loop@2x":["https:\/\/minex.com.co\/wp-content\/uploads\/2025\/02\/portada-1900x640.png",1900,640,true],"portfolio_item-thumbnail":["https:\/\/minex.com.co\/wp-content\/uploads\/2025\/02\/portada-600x400.png",600,400,true],"portfolio_item-thumbnail@2x":["https:\/\/minex.com.co\/wp-content\/uploads\/2025\/02\/portada-1200x650.png",1200,650,true],"portfolio_item-masonry":["https:\/\/minex.com.co\/wp-content\/uploads\/2025\/02\/portada-600x205.png",600,205,true],"portfolio_item-masonry@2x":["https:\/\/minex.com.co\/wp-content\/uploads\/2025\/02\/portada-1200x411.png",1200,411,true],"portfolio_item-thumbnail_cinema":["https:\/\/minex.com.co\/wp-content\/uploads\/2025\/02\/portada-800x335.png",800,335,true],"portfolio_item-thumbnail_portrait":["https:\/\/minex.com.co\/wp-content\/uploads\/2025\/02\/portada-600x650.png",600,650,true],"portfolio_item-thumbnail_portrait@2x":["https:\/\/minex.com.co\/wp-content\/uploads\/2025\/02\/portada-1200x650.png",1200,650,true],"portfolio_item-thumbnail_square":["https:\/\/minex.com.co\/wp-content\/uploads\/2025\/02\/portada-800x650.png",800,650,true]},"_links":{"self":[{"href":"https:\/\/minex.com.co\/es\/wp-json\/wp\/v2\/pages\/1785","targetHints":{"allow":["GET"]}}],"collection":[{"href":"https:\/\/minex.com.co\/es\/wp-json\/wp\/v2\/pages"}],"about":[{"href":"https:\/\/minex.com.co\/es\/wp-json\/wp\/v2\/types\/page"}],"author":[{"embeddable":true,"href":"https:\/\/minex.com.co\/es\/wp-json\/wp\/v2\/users\/2"}],"replies":[{"embeddable":true,"href":"https:\/\/minex.com.co\/es\/wp-json\/wp\/v2\/comments?post=1785"}],"version-history":[{"count":16,"href":"https:\/\/minex.com.co\/es\/wp-json\/wp\/v2\/pages\/1785\/revisions"}],"predecessor-version":[{"id":2323,"href":"https:\/\/minex.com.co\/es\/wp-json\/wp\/v2\/pages\/1785\/revisions\/2323"}],"wp:featuredmedia":[{"embeddable":true,"href":"https:\/\/minex.com.co\/es\/wp-json\/wp\/v2\/media\/2031"}],"wp:attachment":[{"href":"https:\/\/minex.com.co\/es\/wp-json\/wp\/v2\/media?parent=1785"}],"curies":[{"name":"wp","href":"https:\/\/api.w.org\/{rel}","templated":true}]}}