{"id":1786,"date":"2025-02-04T13:46:23","date_gmt":"2025-02-04T13:46:23","guid":{"rendered":"https:\/\/minex.com.co\/?page_id=1786"},"modified":"2025-02-05T21:23:56","modified_gmt":"2025-02-05T21:23:56","slug":"gobierno-corporativo","status":"publish","type":"page","link":"https:\/\/minex.com.co\/es\/gobierno-corporativo\/","title":{"rendered":"Gobierno Corporativo"},"content":{"rendered":"\n<div style=\"height:100px\" aria-hidden=\"true\" class=\"wp-block-spacer\"><\/div>\n\n\n\n<div class=\"wp-block-group alignfull has-global-padding is-layout-constrained wp-block-group-is-layout-constrained\">\n<div style=\"height:54px\" aria-hidden=\"true\" class=\"wp-block-spacer\"><\/div>\n\n\n\n<div class=\"wp-block-columns is-layout-flex wp-container-core-columns-is-layout-28f84493 wp-block-columns-is-layout-flex\">\n<div class=\"wp-block-column is-layout-flow wp-block-column-is-layout-flow\">\n<h2 class=\"wp-block-heading has-text-align-center has-medium-font-size\">Derechos Humanos<\/h2>\n\n\n\n<div class=\"wp-block-buttons is-content-justification-center is-layout-flex wp-container-core-buttons-is-layout-a89b3969 wp-block-buttons-is-layout-flex\">\n<div class=\"wp-block-button has-custom-font-size is-style-outline has-small-font-size is-style-outline--1\"><a class=\"wp-block-button__link has-text-align-center wp-element-button\" href=\"https:\/\/minex.com.co\/wp-content\/uploads\/2024\/11\/DERECHOS-HUMANOS.pdf\" style=\"border-radius:25px\">Conoce nuestra pol\u00edtica DD. HH. aqu\u00ed<\/a><\/div>\n<\/div>\n<\/div>\n\n\n\n<div class=\"wp-block-column is-layout-flow wp-block-column-is-layout-flow\">\n<h2 class=\"wp-block-heading has-text-align-center has-medium-font-size\">Diversidad e Inclusi\u00f3n <\/h2>\n\n\n\n<div class=\"wp-block-buttons is-content-justification-center is-layout-flex wp-container-core-buttons-is-layout-a89b3969 wp-block-buttons-is-layout-flex\">\n<div class=\"wp-block-button is-style-outline is-style-outline--2\"><a class=\"wp-block-button__link has-text-align-center wp-element-button\" href=\"https:\/\/minex.com.co\/wp-content\/uploads\/2024\/11\/DIVERSIDAD-E-INCLUSION.pdf\" style=\"border-radius:25px\">Conoce nuestra pol\u00edtica de Diversidad e Inclusi\u00f3n aqu\u00ed<\/a><\/div>\n<\/div>\n<\/div>\n<\/div>\n\n\n\n<div style=\"height:49px\" aria-hidden=\"true\" class=\"wp-block-spacer\"><\/div>\n<\/div>\n","protected":false},"excerpt":{"rendered":"<p>Derechos Humanos Diversidad e Inclusi\u00f3n<\/p>\n","protected":false},"author":2,"featured_media":2084,"parent":0,"menu_order":0,"comment_status":"closed","ping_status":"closed","template":"","meta":{"_coblocks_attr":"","_coblocks_dimensions":"","_coblocks_responsive_height":"","_coblocks_accordion_ie_support":"","_monsterinsights_skip_tracking":false,"_monsterinsights_sitenote_active":false,"_monsterinsights_sitenote_note":"","_monsterinsights_sitenote_category":0,"inspiro_hide_title":false,"footnotes":""},"class_list":["post-1786","page","type-page","status-publish","has-post-thumbnail","hentry"],"featured_media_urls":{"thumbnail":["https:\/\/minex.com.co\/wp-content\/uploads\/2025\/02\/1-150x150.png",150,150,true],"medium":["https:\/\/minex.com.co\/wp-content\/uploads\/2025\/02\/1-300x103.png",300,103,true],"medium_large":["https:\/\/minex.com.co\/wp-content\/uploads\/2025\/02\/1.png",768,263,false],"large":["https:\/\/minex.com.co\/wp-content\/uploads\/2025\/02\/1-1024x350.png",950,325,true],"1536x1536":["https:\/\/minex.com.co\/wp-content\/uploads\/2025\/02\/1-1536x525.png",1536,525,true],"2048x2048":["https:\/\/minex.com.co\/wp-content\/uploads\/2025\/02\/1.png",1900,650,false],"trp-custom-language-flag":["https:\/\/minex.com.co\/wp-content\/uploads\/2025\/02\/1-18x6.png",18,6,true],"inspiro-featured-image":["https:\/\/minex.com.co\/wp-content\/uploads\/2025\/02\/1.png",1900,650,false],"inspiro-loop":["https:\/\/minex.com.co\/wp-content\/uploads\/2025\/02\/1-950x320.png",950,320,true],"inspiro-loop@2x":["https:\/\/minex.com.co\/wp-content\/uploads\/2025\/02\/1-1900x640.png",1900,640,true],"portfolio_item-thumbnail":["https:\/\/minex.com.co\/wp-content\/uploads\/2025\/02\/1-600x400.png",600,400,true],"portfolio_item-thumbnail@2x":["https:\/\/minex.com.co\/wp-content\/uploads\/2025\/02\/1-1200x650.png",1200,650,true],"portfolio_item-masonry":["https:\/\/minex.com.co\/wp-content\/uploads\/2025\/02\/1-600x205.png",600,205,true],"portfolio_item-masonry@2x":["https:\/\/minex.com.co\/wp-content\/uploads\/2025\/02\/1-1200x411.png",1200,411,true],"portfolio_item-thumbnail_cinema":["https:\/\/minex.com.co\/wp-content\/uploads\/2025\/02\/1-800x335.png",800,335,true],"portfolio_item-thumbnail_portrait":["https:\/\/minex.com.co\/wp-content\/uploads\/2025\/02\/1-600x650.png",600,650,true],"portfolio_item-thumbnail_portrait@2x":["https:\/\/minex.com.co\/wp-content\/uploads\/2025\/02\/1-1200x650.png",1200,650,true],"portfolio_item-thumbnail_square":["https:\/\/minex.com.co\/wp-content\/uploads\/2025\/02\/1-800x650.png",800,650,true]},"_links":{"self":[{"href":"https:\/\/minex.com.co\/es\/wp-json\/wp\/v2\/pages\/1786","targetHints":{"allow":["GET"]}}],"collection":[{"href":"https:\/\/minex.com.co\/es\/wp-json\/wp\/v2\/pages"}],"about":[{"href":"https:\/\/minex.com.co\/es\/wp-json\/wp\/v2\/types\/page"}],"author":[{"embeddable":true,"href":"https:\/\/minex.com.co\/es\/wp-json\/wp\/v2\/users\/2"}],"replies":[{"embeddable":true,"href":"https:\/\/minex.com.co\/es\/wp-json\/wp\/v2\/comments?post=1786"}],"version-history":[{"count":5,"href":"https:\/\/minex.com.co\/es\/wp-json\/wp\/v2\/pages\/1786\/revisions"}],"predecessor-version":[{"id":2102,"href":"https:\/\/minex.com.co\/es\/wp-json\/wp\/v2\/pages\/1786\/revisions\/2102"}],"wp:featuredmedia":[{"embeddable":true,"href":"https:\/\/minex.com.co\/es\/wp-json\/wp\/v2\/media\/2084"}],"wp:attachment":[{"href":"https:\/\/minex.com.co\/es\/wp-json\/wp\/v2\/media?parent=1786"}],"curies":[{"name":"wp","href":"https:\/\/api.w.org\/{rel}","templated":true}]}}