{"id":2506,"date":"2025-10-28T23:03:30","date_gmt":"2025-10-28T23:03:30","guid":{"rendered":"https:\/\/minex.com.co\/?page_id=2506"},"modified":"2025-10-28T23:03:31","modified_gmt":"2025-10-28T23:03:31","slug":"conexion-raiz-un-gran-cambio-nace-desde-la-comunidad","status":"publish","type":"page","link":"https:\/\/minex.com.co\/es\/conexion-raiz-un-gran-cambio-nace-desde-la-comunidad\/","title":{"rendered":"Conexi\u00f3n Ra\u00edz: Un gran cambio nace desde la comunidad"},"content":{"rendered":"\n<p>En Minex estamos convencidos de algo fundamental: los grandes cambios comienzan desde las comunidades. Bajo esta visi\u00f3n, dimos vida a Conexi\u00f3n Ra\u00edz, una iniciativa que demuestra que la colaboraci\u00f3n tiene el poder de transformar realidades.<\/p>\n\n\n\n<p>Conexi\u00f3n Ra\u00edz es un esfuerzo articulado que une a nuestro grupo empresarial, la Corporaci\u00f3n Aut\u00f3noma Regional de la Frontera Nororiental (CORPONOR) y el programa M\u00e1s Bosques, a trav\u00e9s de la metodolog\u00eda BanCO2. Pero \u00bfcu\u00e1l es el motor detr\u00e1s de esta alianza?<\/p>\n\n\n\n<p><strong>Enfrentando el problema<\/strong><\/p>\n\n\n\n<p>Nuestro prop\u00f3sito es claro y urgente. Enfrentar dos de los mayores desaf\u00edos de la humanidad: la crisis ambiental y las desigualdades sociales. Para nosotros, en el departamento de Norte de Santander, estos retos no son conceptos abstractos. Son realidades cotidianas que impactan directamente tanto la calidad de vida de las familias como el equilibrio ambiental de toda la regi\u00f3n.<\/p>\n\n\n\n<p>Por eso, pasamos a la acci\u00f3n. La transformaci\u00f3n comenz\u00f3 en las comunidades de Chin\u00e1cota y Toledo, donde 13 familias campesinas han visto cambiar de forma significativa su realidad. &nbsp;<\/p>\n\n\n\n<p><strong>Guardianes del Territorio: El valor de la corresponsabilidad<\/strong><\/p>\n\n\n\n<p>El catalizador de este cambio ha sido un ingreso mensual fijo de $500.000 COP. Sin embargo, esto es mucho m\u00e1s que un subsidio. Este aporte es recibido como una contribuci\u00f3n justa a su rol esencial como guardianes del territorio. Al recibir este ingreso, las familias no solo han logrado mejorar sus viviendas y fortalecer su seguridad econ\u00f3mica y calidad de vida, sino que son compensadas por el trabajo irremplazable de cuidar el medio ambiente y sus propias \u00e1reas de producci\u00f3n que garantizan su sustento diario.<\/p>\n\n\n\n<p>Esta significativa transformaci\u00f3n se materializ\u00f3 gracias a una inversi\u00f3n financiera y t\u00e9cnica que incluy\u00f3 un acompa\u00f1amiento cercano y especializado durante todo el proceso. \u00bfY cu\u00e1les han sido los frutos de este compromiso mutuo? El resultado es un modelo de desarrollo comunitario sostenible con beneficios tangibles y duraderos que se pueden medir:<\/p>\n\n\n\n<ul class=\"wp-block-list\">\n<li>706 hect\u00e1reas de bosques nativos conservadas.<\/li>\n\n\n\n<li>450 \u00e1rboles sembrados de especies propias de la regi\u00f3n.<\/li>\n\n\n\n<li>Adopci\u00f3n de pr\u00e1cticas agroecol\u00f3gicas, reduciendo el uso de agroqu\u00edmicos y fomentando sistemas productivos m\u00e1s sostenibles.<\/li>\n\n\n\n<li>Mejora del 70% en las condiciones de vivienda de las familias.<\/li>\n\n\n\n<li>Reducci\u00f3n del 85% en la vulnerabilidad social.<\/li>\n\n\n\n<li>Incremento del 100% en los ingresos familiares.<\/li>\n<\/ul>\n\n\n\n<p><strong>Un modelo replicable para un futuro sostenible<\/strong><\/p>\n\n\n\n<p>El verdadero logro de Conexi\u00f3n Ra\u00edz trasciende los n\u00fameros. Hemos consolidado un modelo de corresponsabilidad donde las comunidades son las protagonistas activas del cambio, dejando de ser solo receptoras de ayuda. Son una fuente de inspiraci\u00f3n, un ejemplo vivo de un modelo replicable que puede llevar la sostenibilidad y la equidad a otras regiones.<\/p>\n\n\n\n<p>Conexi\u00f3n Ra\u00edz es la prueba de la uni\u00f3n entre la confianza, una visi\u00f3n compartida y un compromiso mutuo, es absolutamente posible construir territorios m\u00e1s sostenibles, inclusivos y equitativos. Se crea un c\u00edrculo virtuoso en el que el bienestar de las familias y la protecci\u00f3n del medio ambiente avanzan de la mano, garantizando un impacto social y ambiental positivo a largo plazo.<\/p>\n\n\n\n<p><\/p>\n","protected":false},"excerpt":{"rendered":"<p>En Minex estamos convencidos de algo fundamental: los grandes cambios comienzan desde las comunidades. Bajo esta visi\u00f3n, dimos vida a Conexi\u00f3n Ra\u00edz, una iniciativa que demuestra que la colaboraci\u00f3n tiene el poder de transformar realidades. Conexi\u00f3n Ra\u00edz es un esfuerzo articulado que une a nuestro grupo empresarial, la Corporaci\u00f3n Aut\u00f3noma Regional de la Frontera Nororiental &hellip; <\/p>\n<p class=\"link-more\"><a href=\"https:\/\/minex.com.co\/es\/conexion-raiz-un-gran-cambio-nace-desde-la-comunidad\/\" class=\"more-link\">Leer m\u00e1s<span class=\"screen-reader-text\"> \u00abConexi\u00f3n Ra\u00edz: Un gran cambio nace desde la comunidad\u00bb<\/span><\/a><\/p>\n","protected":false},"author":2,"featured_media":0,"parent":0,"menu_order":0,"comment_status":"closed","ping_status":"closed","template":"","meta":{"_coblocks_attr":"","_coblocks_dimensions":"","_coblocks_responsive_height":"","_coblocks_accordion_ie_support":"","_monsterinsights_skip_tracking":false,"_monsterinsights_sitenote_active":false,"_monsterinsights_sitenote_note":"","_monsterinsights_sitenote_category":0,"inspiro_hide_title":false,"footnotes":""},"class_list":["post-2506","page","type-page","status-publish","hentry"],"featured_media_urls":[],"_links":{"self":[{"href":"https:\/\/minex.com.co\/es\/wp-json\/wp\/v2\/pages\/2506","targetHints":{"allow":["GET"]}}],"collection":[{"href":"https:\/\/minex.com.co\/es\/wp-json\/wp\/v2\/pages"}],"about":[{"href":"https:\/\/minex.com.co\/es\/wp-json\/wp\/v2\/types\/page"}],"author":[{"embeddable":true,"href":"https:\/\/minex.com.co\/es\/wp-json\/wp\/v2\/users\/2"}],"replies":[{"embeddable":true,"href":"https:\/\/minex.com.co\/es\/wp-json\/wp\/v2\/comments?post=2506"}],"version-history":[{"count":1,"href":"https:\/\/minex.com.co\/es\/wp-json\/wp\/v2\/pages\/2506\/revisions"}],"predecessor-version":[{"id":2507,"href":"https:\/\/minex.com.co\/es\/wp-json\/wp\/v2\/pages\/2506\/revisions\/2507"}],"wp:attachment":[{"href":"https:\/\/minex.com.co\/es\/wp-json\/wp\/v2\/media?parent=2506"}],"curies":[{"name":"wp","href":"https:\/\/api.w.org\/{rel}","templated":true}]}}