{"id":81,"date":"2024-11-12T16:06:34","date_gmt":"2024-11-12T16:06:34","guid":{"rendered":"https:\/\/minex.com.co\/?page_id=81"},"modified":"2025-02-05T05:26:49","modified_gmt":"2025-02-05T05:26:49","slug":"alcance-mundial","status":"publish","type":"page","link":"https:\/\/minex.com.co\/es\/alcance-mundial\/","title":{"rendered":"Alcance Mundial"},"content":{"rendered":"\n<div class=\"wp-block-cover alignfull\"><span aria-hidden=\"true\" class=\"wp-block-cover__background has-background-dim-100 has-background-dim\" style=\"background-color:#043679\"><\/span><div class=\"wp-block-cover__inner-container has-global-padding is-layout-constrained wp-block-cover-is-layout-constrained\">\n<h3 class=\"wp-block-heading has-medium-font-size\"><strong>En<\/strong> MINEX<strong> nos enorgullece abastecer y enviar nuestros productos a m\u00e1s de 12 pa\u00edses alrededor del mundo, contribuyendo al desarrollo energ\u00e9tico e industrial de diversas regiones. A trav\u00e9s de un riguroso control de calidad y un compromiso con la sostenibilidad nos aseguramos de cumplir con altos est\u00e1ndares internacionales brindando a nuestros clientes materias primas confiables y eficientes.<\/strong><\/h3>\n\n\n\n<div class=\"map-container\">\n    <iframe id=\"myIframe\" src=\"https:\/\/trazapp.minex.com.co\/servicios\/paginaMinex\/mapafinal.html\"><\/iframe>\n<\/div>\n\n<style>\n    .map-container {\n        display: flex;\n        justify-content: center;\n        align-items: center;\n        height: 650px;\n        background-color: #043679;\n    }\n\n    #myIframe {\n        width: 100%;\n        height: 650px;\n        border: none;\n        margin-top: 10%;\n    }\n\n    \/* Ajustar en dispositivos m\u00f3viles *\/\n    @media screen and (max-width: 768px) {\n        .map-container {\n            height: 400px; \/* Reduce la altura en m\u00f3viles *\/\n        }\n\n        #myIframe {\n            height: 250px; \/* Se ajusta autom\u00e1ticamente al contenedor *\/\n            margin-top: 0; \/* Elimina el margen innecesario en m\u00f3viles *\/\n        }\n    }\n\n    @media screen and (max-width: 480px) {\n        .map-container {\n            height: 300px; \/* A\u00fan m\u00e1s peque\u00f1o para pantallas reducidas *\/\n        }\n    }\n<\/style>\n<\/div><\/div>\n","protected":false},"excerpt":{"rendered":"","protected":false},"author":2,"featured_media":1152,"parent":0,"menu_order":0,"comment_status":"closed","ping_status":"closed","template":"","meta":{"_coblocks_attr":"Helvetica","_coblocks_dimensions":"","_coblocks_responsive_height":"","_coblocks_accordion_ie_support":"","_monsterinsights_skip_tracking":false,"_monsterinsights_sitenote_active":false,"_monsterinsights_sitenote_note":"","_monsterinsights_sitenote_category":0,"inspiro_hide_title":false,"footnotes":""},"class_list":["post-81","page","type-page","status-publish","has-post-thumbnail","hentry"],"featured_media_urls":{"thumbnail":["https:\/\/minex.com.co\/wp-content\/uploads\/2025\/01\/Carrusel_0-150x150.webp",150,150,true],"medium":["https:\/\/minex.com.co\/wp-content\/uploads\/2025\/01\/Carrusel_0-300x169.webp",300,169,true],"medium_large":["https:\/\/minex.com.co\/wp-content\/uploads\/2025\/01\/Carrusel_0-768x432.webp",768,432,true],"large":["https:\/\/minex.com.co\/wp-content\/uploads\/2025\/01\/Carrusel_0-1024x576.webp",950,534,true],"1536x1536":["https:\/\/minex.com.co\/wp-content\/uploads\/2025\/01\/Carrusel_0-1536x864.webp",1536,864,true],"2048x2048":["https:\/\/minex.com.co\/wp-content\/uploads\/2025\/01\/Carrusel_0-2048x1152.webp",2048,1152,true],"trp-custom-language-flag":["https:\/\/minex.com.co\/wp-content\/uploads\/2025\/01\/Carrusel_0-18x10.webp",18,10,true],"inspiro-featured-image":["https:\/\/minex.com.co\/wp-content\/uploads\/2025\/01\/Carrusel_0-scaled-2000x1125.webp",2000,1125,true],"inspiro-loop":["https:\/\/minex.com.co\/wp-content\/uploads\/2025\/01\/Carrusel_0-scaled-950x320.webp",950,320,true],"inspiro-loop@2x":["https:\/\/minex.com.co\/wp-content\/uploads\/2025\/01\/Carrusel_0-scaled-1900x640.webp",1900,640,true],"portfolio_item-thumbnail":["https:\/\/minex.com.co\/wp-content\/uploads\/2025\/01\/Carrusel_0-scaled-600x400.webp",600,400,true],"portfolio_item-thumbnail@2x":["https:\/\/minex.com.co\/wp-content\/uploads\/2025\/01\/Carrusel_0-scaled-1200x800.webp",1200,800,true],"portfolio_item-masonry":["https:\/\/minex.com.co\/wp-content\/uploads\/2025\/01\/Carrusel_0-scaled-600x338.webp",600,338,true],"portfolio_item-masonry@2x":["https:\/\/minex.com.co\/wp-content\/uploads\/2025\/01\/Carrusel_0-scaled-1200x675.webp",1200,675,true],"portfolio_item-thumbnail_cinema":["https:\/\/minex.com.co\/wp-content\/uploads\/2025\/01\/Carrusel_0-scaled-800x335.webp",800,335,true],"portfolio_item-thumbnail_portrait":["https:\/\/minex.com.co\/wp-content\/uploads\/2025\/01\/Carrusel_0-scaled-600x900.webp",600,900,true],"portfolio_item-thumbnail_portrait@2x":["https:\/\/minex.com.co\/wp-content\/uploads\/2025\/01\/Carrusel_0-scaled-1200x1440.webp",1200,1440,true],"portfolio_item-thumbnail_square":["https:\/\/minex.com.co\/wp-content\/uploads\/2025\/01\/Carrusel_0-scaled-800x800.webp",800,800,true]},"_links":{"self":[{"href":"https:\/\/minex.com.co\/es\/wp-json\/wp\/v2\/pages\/81","targetHints":{"allow":["GET"]}}],"collection":[{"href":"https:\/\/minex.com.co\/es\/wp-json\/wp\/v2\/pages"}],"about":[{"href":"https:\/\/minex.com.co\/es\/wp-json\/wp\/v2\/types\/page"}],"author":[{"embeddable":true,"href":"https:\/\/minex.com.co\/es\/wp-json\/wp\/v2\/users\/2"}],"replies":[{"embeddable":true,"href":"https:\/\/minex.com.co\/es\/wp-json\/wp\/v2\/comments?post=81"}],"version-history":[{"count":42,"href":"https:\/\/minex.com.co\/es\/wp-json\/wp\/v2\/pages\/81\/revisions"}],"predecessor-version":[{"id":1978,"href":"https:\/\/minex.com.co\/es\/wp-json\/wp\/v2\/pages\/81\/revisions\/1978"}],"wp:featuredmedia":[{"embeddable":true,"href":"https:\/\/minex.com.co\/es\/wp-json\/wp\/v2\/media\/1152"}],"wp:attachment":[{"href":"https:\/\/minex.com.co\/es\/wp-json\/wp\/v2\/media?parent=81"}],"curies":[{"name":"wp","href":"https:\/\/api.w.org\/{rel}","templated":true}]}}