{"id":82,"date":"2024-11-12T16:06:34","date_gmt":"2024-11-12T16:06:34","guid":{"rendered":"https:\/\/minex.com.co\/?page_id=82"},"modified":"2025-02-05T15:44:29","modified_gmt":"2025-02-05T15:44:29","slug":"contacto","status":"publish","type":"page","link":"https:\/\/minex.com.co\/es\/contacto\/","title":{"rendered":"Contacto"},"content":{"rendered":"\n<div class=\"wp-block-group has-global-padding is-layout-constrained wp-block-group-is-layout-constrained\">\n<div style=\"height:21px\" aria-hidden=\"true\" class=\"wp-block-spacer\"><\/div>\n<\/div>\n\n\n\n<div class=\"wp-block-group has-global-padding is-layout-constrained wp-block-group-is-layout-constrained\">\n<div class=\"wp-block-columns is-layout-flex wp-container-core-columns-is-layout-28f84493 wp-block-columns-is-layout-flex\">\n<div class=\"wp-block-column is-vertically-aligned-top is-layout-flow wp-block-column-is-layout-flow\" style=\"padding-top:var(--wp--preset--spacing--small);padding-right:var(--wp--preset--spacing--small);padding-bottom:var(--wp--preset--spacing--small);padding-left:2%;flex-basis:50%\">\n<p class=\"has-primary-color has-text-color has-link-color has-medium-font-size wp-elements-87f6aa34fe8c12dc12efb17c2225b292\"><strong>Cont\u00e1ctenos. Aqu\u00ed le indicamos c\u00f3mo puede comunicarse con nosotros para cualquier pregunta o inquietud<\/strong><\/p>\n\n\n\n<p class=\"has-primary-color has-text-color has-link-color wp-elements-8006892fa250269c546e6460e0d04462\"><strong>Bogot\u00e1<\/strong><br>Calle 97a N 8 &#8211; 10<\/p>\n\n\n\n<p class=\"has-primary-color has-text-color has-link-color wp-elements-8f0456c9c9a3dd0f697cc4095609898e\"><strong>Ubat\u00e9<\/strong><br>Km 1.5 v\u00eda Ubat\u00e9 &#8211; Bogot\u00e1, Parque Empresarial Ebat\u00e9 (Oficina 203 &#8211; 204)<\/p>\n\n\n\n<p class=\"has-primary-color has-text-color has-link-color wp-elements-c889771bf0afda62057cc113b3756653\"><strong>C\u00facuta<\/strong><br>Calle 13 N 2e &#8211; 70 &#8211; Barrio Quinta V\u00e9lez<\/p>\n\n\n\n<p class=\"has-primary-color has-text-color has-link-color wp-elements-ddab733eda182a0e90494441c259ed91\"><strong>Email<\/strong><br>comercial@minex.com.co<\/p>\n\n\n\n<p class=\"has-primary-color has-text-color has-link-color wp-elements-731a02f9f3b48ebe9d86deb401fac668\"><strong>Tel\u00e9fono <\/strong><br>6017457589<\/p>\n<\/div>\n\n\n\n<div class=\"wp-block-column is-vertically-aligned-top is-layout-flow wp-block-column-is-layout-flow\" style=\"padding-top:var(--wp--preset--spacing--small);padding-right:var(--wp--preset--spacing--small);padding-bottom:var(--wp--preset--spacing--small);padding-left:2%;flex-basis:50%\">\n<p class=\"has-primary-color has-text-color has-link-color has-medium-font-size wp-elements-402b398f985369fd480328de64cb2f8d\"><strong>Canales de Atenci\u00f3n <\/strong><\/p>\n\n\n\n<p class=\"has-primary-color has-text-color has-link-color wp-elements-cb0d037f71f6908f4aa273e4d97c14b6\">Para cualquier consulta relacionada con la implementaci\u00f3n de nuestros valores, el C\u00f3digo de Conducta o las Pol\u00edticas Corporativas de Minex CI SAS puede comunicarse utilizando los canales disponibles a continuaci\u00f3n :<\/p>\n\n\n\n<!DOCTYPE html>\n<html lang=\"es\">\n<head>\n    <meta charset=\"UTF-8\">\n    <meta name=\"viewport\" content=\"width=device-width, initial-scale=1.0\">\n    <title>Lista Desplegable<\/title>\n    <style>\n        .fichas-contacto{\n            width: 100%;\n            max-width: 500px;\n            margin: 10px auto;\n            border: 1px solid #ddd;\n            border-radius: 5px;\n            overflow: hidden;\n            box-shadow: 0 4px 6px rgba(0, 0, 0, 0.1);\n        }\n\n        .fichas-contacto-header {\n            display: flex;\n            justify-content: space-between;\n            align-items: center;\n            background: #f7f7f7;\n            padding: 15px;\n            cursor: pointer;\n        }\n\n        .fichas-contacto-header h3 {\n            margin: 0;\n            font-size: 18px;\n        }\n\n        .fichas-contacto-content {\n            display: none;\n            background: #fff;\n            padding: 15px;\n            font-size: 16px;\n            border-top: 1px solid #ddd;\n        }\n\n        .fichas-contacto.active .fichas-contacto-content {\n            display: block;\n        }\n\n        .icon {\n            font-size: 16px;\n            transition: transform 0.3s ease;\n        }\n\n        .fichas-contacto.active .icon {\n            transform: rotate(180deg);\n        }\n\n        a {\n            color: #007BFF;\n            text-decoration: none;\n        }\n\n        a:hover {\n            text-decoration: underline;\n        }\n\n        @media (max-width: 768px) {\n            .dropdown-header h3 {\n                font-size: 16px;\n            }\n\n            .fichas-contacto-content {\n                font-size: 14px;\n            }\n        }\n    <\/style>\n<\/head>\n<body>\n    <div class=\"fichas-contacto\">\n        <div class=\"fichas-contacto-header\">\n            <h3>L\u00ednea \u00c9tica<\/h3>\n            <span class=\"icon\">\u25bc<\/span>\n        <\/div>\n        <div class=\"fichas-contacto-content\">\n            <p>denuncias@minex.com.co<\/p>\n            <p>3114978868<\/p>\n        <\/div>\n    <\/div>\n\n    <div class=\"fichas-contacto\">\n        <div class=\"fichas-contacto-header\">\n            <h3>Atenci\u00f3n a la Comunidad<\/h3>\n            <span class=\"icon\">\u25bc<\/span>\n        <\/div>\n        <div class=\"fichas-contacto-content\">\n            <p>recepcion@minex.com.co<\/p>\n            <p>3226278157<\/p>\n        <\/div>\n    <\/div>\n\n    <div class=\"fichas-contacto\">\n        <div class=\"fichas-contacto-header\">\n            <h3>Actos de Corrupci\u00f3n<\/h3>\n            <span class=\"icon\">\u25bc<\/span>\n        <\/div>\n        <div class=\"fichas-contacto-content\">\n            <p><a href=\"https:\/\/www.secretariatransparencia.gov.co\/observatorio-anticorrupcion\" target=\"_blank\">Secretar\u00eda de Transparencia Nacional<\/a><\/p>\n        <\/div>\n    <\/div>\n\n    <div class=\"fichas-contacto\">\n        <div class=\"fichas-contacto-header\">\n            <h3>Soborno Transnacional<\/h3>\n            <span class=\"icon\">\u25bc<\/span>\n        <\/div>\n        <div class=\"fichas-contacto-content\">\n            <p><a href=\"https:\/\/supersociedades.gov.co\/web\/asuntos-economicos-societarios\/denuncias-%20soborno-transnacional\" target=\"_blank\">Superintendencia de Sociedades<\/a><\/p>\n        <\/div>\n    <\/div>\n\n    <script>\n        document.querySelectorAll('.fichas-contacto-header').forEach(header => {\n            header.addEventListener('click', () => {\n                const parent = header.parentElement;\n                parent.classList.toggle('active');\n            });\n        });\n    <\/script>\n<\/body>\n<\/html>\n<\/div>\n<\/div>\n\n\n\n<div class=\"wp-block-columns are-vertically-aligned-center is-layout-flex wp-container-core-columns-is-layout-4ed999c3 wp-block-columns-is-layout-flex\" style=\"padding-top:var(--wp--preset--spacing--60);padding-bottom:var(--wp--preset--spacing--60);padding-left:0\">\n<div class=\"wp-block-column is-vertically-aligned-center has-global-padding is-content-justification-left is-layout-constrained wp-container-core-column-is-layout-12dd3699 wp-block-column-is-layout-constrained\" style=\"flex-basis:66.66%\">\n<h2 class=\"wp-block-heading has-medium-font-size\">\u00bfTe gustar\u00eda ser parte de nuestro equipo?<\/h2>\n\n\n\n<p>Consulte las vacantes disponibles.<\/p>\n<\/div>\n\n\n\n<div class=\"wp-block-column is-vertically-aligned-center is-layout-flow wp-block-column-is-layout-flow\" style=\"flex-basis:33.33%\">\n<div class=\"wp-block-buttons is-content-justification-center is-layout-flex wp-container-core-buttons-is-layout-a89b3969 wp-block-buttons-is-layout-flex\">\n<div class=\"wp-block-button has-custom-font-size is-style-fill\" style=\"font-size:14px;font-style:normal;font-weight:600;letter-spacing:1px;text-transform:uppercase\"><a class=\"wp-block-button__link wp-element-button\" href=\"https:\/\/minex.com.co\/es\/trabaje-con-nosotros\/\" style=\"border-radius:0px\">Trabaje con nosotros<\/a><\/div>\n<\/div>\n<\/div>\n<\/div>\n\n\n\n<div style=\"height:45px\" aria-hidden=\"true\" class=\"wp-block-spacer\"><\/div>\n<\/div>\n\n\n\n<p><\/p>\n","protected":false},"excerpt":{"rendered":"<p>Cont\u00e1ctenos. Aqu\u00ed le indicamos c\u00f3mo puede comunicarse con nosotros para cualquier pregunta o inquietud Bogot\u00e1Calle 97a N 8 &#8211; 10 Ubat\u00e9Km 1.5 v\u00eda Ubat\u00e9 &#8211; Bogot\u00e1, Parque Empresarial Ebat\u00e9 (Oficina 203 &#8211; 204) C\u00facutaCalle 13 N 2e &#8211; 70 &#8211; Barrio Quinta V\u00e9lez Emailcomercial@minex.com.co Tel\u00e9fono 6017457589 Canales de Atenci\u00f3n Para cualquier consulta relacionada con la &hellip; <\/p>\n<p class=\"link-more\"><a href=\"https:\/\/minex.com.co\/es\/contacto\/\" class=\"more-link\">Leer m\u00e1s<span class=\"screen-reader-text\"> \u00abContacto\u00bb<\/span><\/a><\/p>\n","protected":false},"author":2,"featured_media":2033,"parent":0,"menu_order":0,"comment_status":"closed","ping_status":"closed","template":"","meta":{"_coblocks_attr":"","_coblocks_dimensions":"","_coblocks_responsive_height":"","_coblocks_accordion_ie_support":"","_monsterinsights_skip_tracking":false,"_monsterinsights_sitenote_active":false,"_monsterinsights_sitenote_note":"","_monsterinsights_sitenote_category":0,"inspiro_hide_title":false,"footnotes":""},"class_list":["post-82","page","type-page","status-publish","has-post-thumbnail","hentry"],"featured_media_urls":{"thumbnail":["https:\/\/minex.com.co\/wp-content\/uploads\/2025\/02\/hands-laptop-and-business-people-in-office-consul-2023-12-28-21-00-59-utc-150x150.jpg",150,150,true],"medium":["https:\/\/minex.com.co\/wp-content\/uploads\/2025\/02\/hands-laptop-and-business-people-in-office-consul-2023-12-28-21-00-59-utc-300x158.jpg",300,158,true],"medium_large":["https:\/\/minex.com.co\/wp-content\/uploads\/2025\/02\/hands-laptop-and-business-people-in-office-consul-2023-12-28-21-00-59-utc-scaled.jpg",768,405,false],"large":["https:\/\/minex.com.co\/wp-content\/uploads\/2025\/02\/hands-laptop-and-business-people-in-office-consul-2023-12-28-21-00-59-utc-1024x540.jpg",950,501,true],"1536x1536":["https:\/\/minex.com.co\/wp-content\/uploads\/2025\/02\/hands-laptop-and-business-people-in-office-consul-2023-12-28-21-00-59-utc-scaled-1536x810.jpg",1536,810,true],"2048x2048":["https:\/\/minex.com.co\/wp-content\/uploads\/2025\/02\/hands-laptop-and-business-people-in-office-consul-2023-12-28-21-00-59-utc-scaled-2048x1080.jpg",2048,1080,true],"trp-custom-language-flag":["https:\/\/minex.com.co\/wp-content\/uploads\/2025\/02\/hands-laptop-and-business-people-in-office-consul-2023-12-28-21-00-59-utc-scaled-18x9.jpg",18,9,true],"inspiro-featured-image":["https:\/\/minex.com.co\/wp-content\/uploads\/2025\/02\/hands-laptop-and-business-people-in-office-consul-2023-12-28-21-00-59-utc-2000x1055.jpg",2000,1055,true],"inspiro-loop":["https:\/\/minex.com.co\/wp-content\/uploads\/2025\/02\/hands-laptop-and-business-people-in-office-consul-2023-12-28-21-00-59-utc-950x320.jpg",950,320,true],"inspiro-loop@2x":["https:\/\/minex.com.co\/wp-content\/uploads\/2025\/02\/hands-laptop-and-business-people-in-office-consul-2023-12-28-21-00-59-utc-1900x640.jpg",1900,640,true],"portfolio_item-thumbnail":["https:\/\/minex.com.co\/wp-content\/uploads\/2025\/02\/hands-laptop-and-business-people-in-office-consul-2023-12-28-21-00-59-utc-scaled-600x400.jpg",600,400,true],"portfolio_item-thumbnail@2x":["https:\/\/minex.com.co\/wp-content\/uploads\/2025\/02\/hands-laptop-and-business-people-in-office-consul-2023-12-28-21-00-59-utc-scaled-1200x800.jpg",1200,800,true],"portfolio_item-masonry":["https:\/\/minex.com.co\/wp-content\/uploads\/2025\/02\/hands-laptop-and-business-people-in-office-consul-2023-12-28-21-00-59-utc-scaled-600x316.jpg",600,316,true],"portfolio_item-masonry@2x":["https:\/\/minex.com.co\/wp-content\/uploads\/2025\/02\/hands-laptop-and-business-people-in-office-consul-2023-12-28-21-00-59-utc-scaled-1200x633.jpg",1200,633,true],"portfolio_item-thumbnail_cinema":["https:\/\/minex.com.co\/wp-content\/uploads\/2025\/02\/hands-laptop-and-business-people-in-office-consul-2023-12-28-21-00-59-utc-scaled-800x335.jpg",800,335,true],"portfolio_item-thumbnail_portrait":["https:\/\/minex.com.co\/wp-content\/uploads\/2025\/02\/hands-laptop-and-business-people-in-office-consul-2023-12-28-21-00-59-utc-scaled-600x900.jpg",600,900,true],"portfolio_item-thumbnail_portrait@2x":["https:\/\/minex.com.co\/wp-content\/uploads\/2025\/02\/hands-laptop-and-business-people-in-office-consul-2023-12-28-21-00-59-utc-scaled-1200x1350.jpg",1200,1350,true],"portfolio_item-thumbnail_square":["https:\/\/minex.com.co\/wp-content\/uploads\/2025\/02\/hands-laptop-and-business-people-in-office-consul-2023-12-28-21-00-59-utc-scaled-800x800.jpg",800,800,true]},"_links":{"self":[{"href":"https:\/\/minex.com.co\/es\/wp-json\/wp\/v2\/pages\/82","targetHints":{"allow":["GET"]}}],"collection":[{"href":"https:\/\/minex.com.co\/es\/wp-json\/wp\/v2\/pages"}],"about":[{"href":"https:\/\/minex.com.co\/es\/wp-json\/wp\/v2\/types\/page"}],"author":[{"embeddable":true,"href":"https:\/\/minex.com.co\/es\/wp-json\/wp\/v2\/users\/2"}],"replies":[{"embeddable":true,"href":"https:\/\/minex.com.co\/es\/wp-json\/wp\/v2\/comments?post=82"}],"version-history":[{"count":34,"href":"https:\/\/minex.com.co\/es\/wp-json\/wp\/v2\/pages\/82\/revisions"}],"predecessor-version":[{"id":2045,"href":"https:\/\/minex.com.co\/es\/wp-json\/wp\/v2\/pages\/82\/revisions\/2045"}],"wp:featuredmedia":[{"embeddable":true,"href":"https:\/\/minex.com.co\/es\/wp-json\/wp\/v2\/media\/2033"}],"wp:attachment":[{"href":"https:\/\/minex.com.co\/es\/wp-json\/wp\/v2\/media?parent=82"}],"curies":[{"name":"wp","href":"https:\/\/api.w.org\/{rel}","templated":true}]}}